{"id":12063,"date":"2025-09-04T15:20:07","date_gmt":"2025-09-04T13:20:07","guid":{"rendered":"https:\/\/lg.infomaniak.prodsolead.com\/?page_id=12063"},"modified":"2025-10-02T14:39:46","modified_gmt":"2025-10-02T12:39:46","slug":"ajourneyofcolors","status":"publish","type":"page","link":"https:\/\/lg.infomaniak.prodsolead.com\/en\/ajourneyofcolors\/","title":{"rendered":"Sc\u00e9nographie VII -A Journey of Colors"},"content":{"rendered":"<div data-elementor-type=\"wp-page\" data-elementor-id=\"12063\" class=\"elementor elementor-12063\" data-elementor-post-type=\"page\">\n\t\t\t\t<div class=\"elementor-element elementor-element-3e7013e9 e-con-full e-flex e-con e-parent\" data-id=\"3e7013e9\" data-element_type=\"container\">\n\t\t<div class=\"elementor-element elementor-element-3ac7a5b1 e-con-full sld_e_image-hover-effect e-flex e-con e-child\" data-id=\"3ac7a5b1\" data-element_type=\"container\" data-settings=\"{&quot;background_background&quot;:&quot;classic&quot;}\">\n\t\t\t\t<\/div>\n\t\t<div class=\"elementor-element elementor-element-400ee0b6 e-con-full sld_e_image-hover-effect e-flex e-con e-child\" data-id=\"400ee0b6\" data-element_type=\"container\" data-settings=\"{&quot;background_background&quot;:&quot;classic&quot;}\">\n\t\t\t\t<\/div>\n\t\t\t\t<\/div>\n\t\t<div class=\"elementor-element elementor-element-261a47d e-flex e-con-boxed e-con e-parent\" data-id=\"261a47d\" data-element_type=\"container\">\n\t\t\t\t\t<div class=\"e-con-inner\">\n\t\t\t\t<div class=\"elementor-element elementor-element-4f15771 elementor-widget elementor-widget-spacer\" data-id=\"4f15771\" data-element_type=\"widget\" data-widget_type=\"spacer.default\">\n\t\t\t\t<div class=\"elementor-widget-container\">\n\t\t\t\t\t\t\t<div class=\"elementor-spacer\">\n\t\t\t<div class=\"elementor-spacer-inner\"><\/div>\n\t\t<\/div>\n\t\t\t\t\t\t<\/div>\n\t\t\t\t<\/div>\n\t\t<div class=\"elementor-element elementor-element-bf0e542 e-flex e-con-boxed e-con e-child\" data-id=\"bf0e542\" data-element_type=\"container\" data-settings=\"{&quot;background_background&quot;:&quot;classic&quot;}\">\n\t\t\t\t\t<div class=\"e-con-inner\">\n\t\t\t\t<div class=\"elementor-element elementor-element-c8bdf87 elementor-widget-laptop__width-initial elementor-widget elementor-widget-heading\" data-id=\"c8bdf87\" data-element_type=\"widget\" data-widget_type=\"heading.default\">\n\t\t\t\t<div class=\"elementor-widget-container\">\n\t\t\t\t\t<h1 class=\"elementor-heading-title elementor-size-default\">a journey of colors<\/h1>\t\t\t\t<\/div>\n\t\t\t\t<\/div>\n\t\t\t\t<div class=\"elementor-element elementor-element-0a96f51 elementor-widget elementor-widget-text-editor\" data-id=\"0a96f51\" data-element_type=\"widget\" data-widget_type=\"text-editor.default\">\n\t\t\t\t<div class=\"elementor-widget-container\">\n\t\t\t\t\t\t\t\t\t<p class=\"p1\"><i>\u00ab Born in New York, colored in Jaipur, and detailed in Paris. A journey woven in color and patterns. Laura Gonzalez and Schumacher invite you into a world of botanicals, dreams &amp; design\u00a0\u00bb<\/i><\/p><p class=\"p1\">a stunning portfolio a variety of patterns, scales, and textures for inspiring interiors that are interesting and layered yet cohesive and comfortable. the fantastic color combinations and fanciful motifs in these textiles and wallpapers reinvigorate stripes, florals, and other traditional forms. rich, saturated color is among the many hallmarks of this collection.<\/p>\t\t\t\t\t\t\t\t<\/div>\n\t\t\t\t<\/div>\n\t\t\t\t\t<\/div>\n\t\t\t\t<\/div>\n\t\t<a class=\"elementor-element elementor-element-3c12d4f e-con-full sld_e_image-hover-effect e-flex e-con e-child\" data-id=\"3c12d4f\" data-element_type=\"container\" data-settings=\"{&quot;background_background&quot;:&quot;classic&quot;}\">\n\t\t<div class=\"elementor-element elementor-element-1dde36d sld_e_image-hover-effect--nogrow e-flex e-con-boxed e-con e-child\" data-id=\"1dde36d\" data-element_type=\"container\" data-settings=\"{&quot;background_background&quot;:&quot;classic&quot;}\">\n\t\t\t\t\t<div class=\"e-con-inner\">\n\t\t\t\t\t<\/div>\n\t\t\t\t<\/div>\n\t\t\t\t<\/a>\n\t\t\t\t\t<\/div>\n\t\t\t\t<\/div>\n\t\t<div class=\"elementor-element elementor-element-5aad41a9 e-flex e-con-boxed e-con e-parent\" data-id=\"5aad41a9\" data-element_type=\"container\">\n\t\t\t\t\t<div class=\"e-con-inner\">\n\t\t<div class=\"elementor-element elementor-element-191ecfd4 e-con-full sld_e_image-hover-effect sld_e_projects-images--custom-dimensions e-flex e-con e-child\" data-id=\"191ecfd4\" data-element_type=\"container\" data-settings=\"{&quot;background_background&quot;:&quot;classic&quot;}\">\n\t\t<div class=\"elementor-element elementor-element-6ff8e87a sld_e_image-hover-effect--nogrow e-con-full e-flex e-con e-child\" data-id=\"6ff8e87a\" data-element_type=\"container\" data-settings=\"{&quot;background_background&quot;:&quot;classic&quot;}\">\n\t\t\t\t<\/div>\n\t\t\t\t<\/div>\n\t\t<div class=\"elementor-element elementor-element-2c4b795d e-con-full sld_e_image-hover-effect sld_e_projects-images--custom-dimensions e-flex e-con e-child\" data-id=\"2c4b795d\" data-element_type=\"container\" data-settings=\"{&quot;background_background&quot;:&quot;classic&quot;}\">\n\t\t<div class=\"elementor-element elementor-element-4ea1c03f sld_e_image-hover-effect--nogrow e-con-full e-flex e-con e-child\" data-id=\"4ea1c03f\" data-element_type=\"container\" data-settings=\"{&quot;background_background&quot;:&quot;classic&quot;}\">\n\t\t\t\t<\/div>\n\t\t\t\t<\/div>\n\t\t<div class=\"elementor-element elementor-element-3447dfb0 e-con-full sld_e_image-hover-effect sld_e_projects-images--custom-dimensions e-flex e-con e-child\" data-id=\"3447dfb0\" data-element_type=\"container\" data-settings=\"{&quot;background_background&quot;:&quot;classic&quot;}\">\n\t\t<div class=\"elementor-element elementor-element-4ce202be sld_e_image-hover-effect--nogrow e-flex e-con-boxed e-con e-child\" data-id=\"4ce202be\" data-element_type=\"container\" data-settings=\"{&quot;background_background&quot;:&quot;classic&quot;}\">\n\t\t\t\t\t<div class=\"e-con-inner\">\n\t\t\t\t\t<\/div>\n\t\t\t\t<\/div>\n\t\t\t\t<\/div>\n\t\t\t\t\t<\/div>\n\t\t\t\t<\/div>\n\t\t<div class=\"elementor-element elementor-element-5b6c8a5 e-flex e-con-boxed e-con e-parent\" data-id=\"5b6c8a5\" data-element_type=\"container\" data-settings=\"{&quot;background_background&quot;:&quot;video&quot;,&quot;background_video_link&quot;:&quot;https:\\\/\\\/vimeo.com\\\/1115783155&quot;,&quot;background_video_start&quot;:-16,&quot;background_play_on_mobile&quot;:&quot;yes&quot;}\">\n\t\t\t\t\t<div class=\"e-con-inner\">\n\t\t<div class=\"elementor-background-video-container\">\n\t\t\t\t\t\t\t<div class=\"elementor-background-video-embed\" role=\"presentation\"><\/div>\n\t\t\t\t\t\t<\/div>\t\t\t<\/div>\n\t\t\t\t<\/div>\n\t\t<div class=\"elementor-element elementor-element-0e61efc e-flex e-con-boxed e-con e-parent\" data-id=\"0e61efc\" data-element_type=\"container\">\n\t\t\t\t\t<div class=\"e-con-inner\">\n\t\t<a class=\"elementor-element elementor-element-9e66335 e-con-full sld_e_image-hover-effect e-flex e-con e-child\" data-id=\"9e66335\" data-element_type=\"container\" data-settings=\"{&quot;background_background&quot;:&quot;classic&quot;}\">\n\t\t<div class=\"elementor-element elementor-element-bb7c279 sld_e_image-hover-effect--nogrow e-flex e-con-boxed e-con e-child\" data-id=\"bb7c279\" data-element_type=\"container\" data-settings=\"{&quot;background_background&quot;:&quot;classic&quot;}\">\n\t\t\t\t\t<div class=\"e-con-inner\">\n\t\t\t\t\t<\/div>\n\t\t\t\t<\/div>\n\t\t\t\t<\/a>\n\t\t<div class=\"elementor-element elementor-element-e2f891f e-flex e-con-boxed e-con e-child\" data-id=\"e2f891f\" data-element_type=\"container\" data-settings=\"{&quot;background_background&quot;:&quot;classic&quot;}\">\n\t\t\t\t\t<div class=\"e-con-inner\">\n\t\t\t\t<div class=\"elementor-element elementor-element-8ddfb2c elementor-widget-laptop__width-initial elementor-widget elementor-widget-heading\" data-id=\"8ddfb2c\" data-element_type=\"widget\" data-widget_type=\"heading.default\">\n\t\t\t\t<div class=\"elementor-widget-container\">\n\t\t\t\t\t<h3 class=\"elementor-heading-title elementor-size-default\">SCHUMACHER<\/h3>\t\t\t\t<\/div>\n\t\t\t\t<\/div>\n\t\t\t\t<div class=\"elementor-element elementor-element-11eb96f elementor-widget elementor-widget-text-editor\" data-id=\"11eb96f\" data-element_type=\"widget\" data-widget_type=\"text-editor.default\">\n\t\t\t\t<div class=\"elementor-widget-container\">\n\t\t\t\t\t\t\t\t\t<p class=\"p1\"><i>Founded in 1889 by Paris-born Frederic Schumacher, Schumacher is a historic design house where artistry, craftsmanship, and an enduring love of pattern converge. Celebrated for its vibrant textiles, imaginative wallpapers, and iconic prints, the brand has long collaborated with tastemakers and visionaries to bring bold, expressive interiors to life.<\/i><\/p><p class=\"p1\"><i>With a passion for color, a reverence for tradition, and a flair for reinvention, Schumacher\u2019s collections marry heritage with a contemporary spirit making it the perfect partner for Parisian designer Laura Gonzalez. Their first collaboration is a joyful celebration of richly layered design, where fanciful motifs, sumptuous textures, and saturated hues evoke a sense of timeless storytelling.<\/i><\/p><p class=\"p2\"><i>Together, Gonzalez and Schumacher collaborate together again, offering a collection that reinvents florals, stripes, and classical forms with elegance and whimsy designed to inspire interiors that are as eclectic as they are harmonious.<\/i><\/p>\t\t\t\t\t\t\t\t<\/div>\n\t\t\t\t<\/div>\n\t\t\t\t\t<\/div>\n\t\t\t\t<\/div>\n\t\t\t\t\t<\/div>\n\t\t\t\t<\/div>\n\t\t<div class=\"elementor-element elementor-element-15023a23 e-flex e-con-boxed e-con e-parent\" data-id=\"15023a23\" data-element_type=\"container\">\n\t\t\t\t\t<div class=\"e-con-inner\">\n\t\t<div class=\"elementor-element elementor-element-2b5f7f15 e-con-full sld_e_image-hover-effect sld_e_projects-images--custom-dimensions e-flex e-con e-child\" data-id=\"2b5f7f15\" data-element_type=\"container\" data-settings=\"{&quot;background_background&quot;:&quot;classic&quot;}\">\n\t\t<div class=\"elementor-element elementor-element-17ff2a2c sld_e_image-hover-effect--nogrow e-con-full e-flex e-con e-child\" data-id=\"17ff2a2c\" data-element_type=\"container\" data-settings=\"{&quot;background_background&quot;:&quot;classic&quot;}\">\n\t\t\t\t<\/div>\n\t\t\t\t<\/div>\n\t\t<div class=\"elementor-element elementor-element-110d5934 e-con-full sld_e_image-hover-effect sld_e_projects-images--custom-dimensions e-flex e-con e-child\" data-id=\"110d5934\" data-element_type=\"container\" data-settings=\"{&quot;background_background&quot;:&quot;classic&quot;}\">\n\t\t<div class=\"elementor-element elementor-element-49c6b29a sld_e_image-hover-effect--nogrow e-con-full e-flex e-con e-child\" data-id=\"49c6b29a\" data-element_type=\"container\" data-settings=\"{&quot;background_background&quot;:&quot;classic&quot;}\">\n\t\t\t\t<\/div>\n\t\t\t\t<\/div>\n\t\t<div class=\"elementor-element elementor-element-6636672d e-con-full sld_e_image-hover-effect sld_e_projects-images--custom-dimensions e-flex e-con e-child\" data-id=\"6636672d\" data-element_type=\"container\" data-settings=\"{&quot;background_background&quot;:&quot;classic&quot;}\">\n\t\t<div class=\"elementor-element elementor-element-161cfa2d sld_e_image-hover-effect--nogrow e-flex e-con-boxed e-con e-child\" data-id=\"161cfa2d\" data-element_type=\"container\" data-settings=\"{&quot;background_background&quot;:&quot;classic&quot;}\">\n\t\t\t\t\t<div class=\"e-con-inner\">\n\t\t\t\t\t<\/div>\n\t\t\t\t<\/div>\n\t\t\t\t<\/div>\n\t\t\t\t\t<\/div>\n\t\t\t\t<\/div>\n\t\t<div class=\"elementor-element elementor-element-53798b7 e-flex e-con-boxed e-con e-parent\" data-id=\"53798b7\" data-element_type=\"container\">\n\t\t\t\t\t<div class=\"e-con-inner\">\n\t\t<a class=\"elementor-element elementor-element-c63da53 e-con-full sld_e_image-hover-effect e-flex e-con e-child\" data-id=\"c63da53\" data-element_type=\"container\" data-settings=\"{&quot;background_background&quot;:&quot;classic&quot;}\">\n\t\t<div class=\"elementor-element elementor-element-28a95ca sld_e_image-hover-effect--nogrow e-flex e-con-boxed e-con e-child\" data-id=\"28a95ca\" data-element_type=\"container\" data-settings=\"{&quot;background_background&quot;:&quot;classic&quot;}\">\n\t\t\t\t\t<div class=\"e-con-inner\">\n\t\t\t\t\t<\/div>\n\t\t\t\t<\/div>\n\t\t\t\t<\/a>\n\t\t<a class=\"elementor-element elementor-element-eb4e2d6 e-con-full sld_e_image-hover-effect e-flex e-con e-child\" data-id=\"eb4e2d6\" data-element_type=\"container\" data-settings=\"{&quot;background_background&quot;:&quot;classic&quot;}\">\n\t\t<div class=\"elementor-element elementor-element-e6433f9 sld_e_image-hover-effect--nogrow e-flex e-con-boxed e-con e-child\" data-id=\"e6433f9\" data-element_type=\"container\" data-settings=\"{&quot;background_background&quot;:&quot;classic&quot;}\">\n\t\t\t\t\t<div class=\"e-con-inner\">\n\t\t\t\t\t<\/div>\n\t\t\t\t<\/div>\n\t\t\t\t<\/a>\n\t\t\t\t\t<\/div>\n\t\t\t\t<\/div>\n\t\t\t\t<\/div>","protected":false},"excerpt":{"rendered":"<p>a journey of colors \u00ab Born in New York, colored in Jaipur, and detailed in Paris. A journey woven in color and patterns. Laura Gonzalez and Schumacher invite you into a world of botanicals, dreams &amp; design\u00a0\u00bb Un portfolio \u00e9poustouflant, une vari\u00e9t\u00e9 de motifs, d\u2019\u00e9chelles et de textures pour des int\u00e9rieurs inspirants, \u00e0 la fois [&hellip;]<\/p>","protected":false},"author":5,"featured_media":0,"parent":0,"menu_order":0,"comment_status":"closed","ping_status":"closed","template":"","meta":{"_acf_changed":false,"_mo_disable_npp":"","inline_featured_image":false,"footnotes":""},"class_list":["post-12063","page","type-page","status-publish","hentry"],"acf":[],"yoast_head":"<!-- This site is optimized with the Yoast SEO plugin v26.8 - https:\/\/yoast.com\/product\/yoast-seo-wordpress\/ -->\n<title>Sc\u00e9nographie VII -A Journey of Colors | Laura Gonzalez<\/title>\n<meta name=\"robots\" content=\"index, follow, max-snippet:-1, max-image-preview:large, max-video-preview:-1\" \/>\n<link rel=\"canonical\" href=\"https:\/\/lg.infomaniak.prodsolead.com\/en\/ajourneyofcolors\/\" \/>\n<meta property=\"og:locale\" content=\"en_GB\" \/>\n<meta property=\"og:type\" content=\"article\" \/>\n<meta property=\"og:title\" content=\"Sc\u00e9nographie VII -A Journey of Colors | Laura Gonzalez\" \/>\n<meta property=\"og:description\" content=\"a journey of colors \u00ab Born in New York, colored in Jaipur, and detailed in Paris. A journey woven in color and patterns. Laura Gonzalez and Schumacher invite you into a world of botanicals, dreams &amp; design\u00a0\u00bb Un portfolio \u00e9poustouflant, une vari\u00e9t\u00e9 de motifs, d\u2019\u00e9chelles et de textures pour des int\u00e9rieurs inspirants, \u00e0 la fois [&hellip;]\" \/>\n<meta property=\"og:url\" content=\"https:\/\/lg.infomaniak.prodsolead.com\/en\/ajourneyofcolors\/\" \/>\n<meta property=\"og:site_name\" content=\"Laura Gonzalez\" \/>\n<meta property=\"article:modified_time\" content=\"2025-10-02T12:39:46+00:00\" \/>\n<meta name=\"twitter:card\" content=\"summary_large_image\" \/>\n<meta name=\"twitter:label1\" content=\"Estimated reading time\" \/>\n\t<meta name=\"twitter:data1\" content=\"2 minutes\" \/>\n<script type=\"application\/ld+json\" class=\"yoast-schema-graph\">{\"@context\":\"https:\/\/schema.org\",\"@graph\":[{\"@type\":\"WebPage\",\"@id\":\"https:\/\/lg.infomaniak.prodsolead.com\/ajourneyofcolors\/\",\"url\":\"https:\/\/lg.infomaniak.prodsolead.com\/ajourneyofcolors\/\",\"name\":\"Sc\u00e9nographie VII -A Journey of Colors | Laura Gonzalez\",\"isPartOf\":{\"@id\":\"https:\/\/lg.infomaniak.prodsolead.com\/#website\"},\"datePublished\":\"2025-09-04T13:20:07+00:00\",\"dateModified\":\"2025-10-02T12:39:46+00:00\",\"inLanguage\":\"en-GB\",\"potentialAction\":[{\"@type\":\"ReadAction\",\"target\":[\"https:\/\/lg.infomaniak.prodsolead.com\/ajourneyofcolors\/\"]}]},{\"@type\":\"WebSite\",\"@id\":\"https:\/\/lg.infomaniak.prodsolead.com\/#website\",\"url\":\"https:\/\/lg.infomaniak.prodsolead.com\/\",\"name\":\"Laura Gonzalez\",\"description\":\"\",\"publisher\":{\"@id\":\"https:\/\/lg.infomaniak.prodsolead.com\/#organization\"},\"potentialAction\":[{\"@type\":\"SearchAction\",\"target\":{\"@type\":\"EntryPoint\",\"urlTemplate\":\"https:\/\/lg.infomaniak.prodsolead.com\/?s={search_term_string}\"},\"query-input\":{\"@type\":\"PropertyValueSpecification\",\"valueRequired\":true,\"valueName\":\"search_term_string\"}}],\"inLanguage\":\"en-GB\"},{\"@type\":\"Organization\",\"@id\":\"https:\/\/lg.infomaniak.prodsolead.com\/#organization\",\"name\":\"Laura Gonzalez\",\"url\":\"https:\/\/lg.infomaniak.prodsolead.com\/\",\"logo\":{\"@type\":\"ImageObject\",\"inLanguage\":\"en-GB\",\"@id\":\"https:\/\/lg.infomaniak.prodsolead.com\/#\/schema\/logo\/image\/\",\"url\":\"\",\"contentUrl\":\"\",\"caption\":\"Laura Gonzalez\"},\"image\":{\"@id\":\"https:\/\/lg.infomaniak.prodsolead.com\/#\/schema\/logo\/image\/\"}}]}<\/script>\n<!-- \/ Yoast SEO plugin. -->","yoast_head_json":{"title":"Sc\u00e9nographie VII -A Journey of Colors | Laura Gonzalez","robots":{"index":"index","follow":"follow","max-snippet":"max-snippet:-1","max-image-preview":"max-image-preview:large","max-video-preview":"max-video-preview:-1"},"canonical":"https:\/\/lg.infomaniak.prodsolead.com\/en\/ajourneyofcolors\/","og_locale":"en_GB","og_type":"article","og_title":"Sc\u00e9nographie VII -A Journey of Colors | Laura Gonzalez","og_description":"a journey of colors \u00ab Born in New York, colored in Jaipur, and detailed in Paris. A journey woven in color and patterns. Laura Gonzalez and Schumacher invite you into a world of botanicals, dreams &amp; design\u00a0\u00bb Un portfolio \u00e9poustouflant, une vari\u00e9t\u00e9 de motifs, d\u2019\u00e9chelles et de textures pour des int\u00e9rieurs inspirants, \u00e0 la fois [&hellip;]","og_url":"https:\/\/lg.infomaniak.prodsolead.com\/en\/ajourneyofcolors\/","og_site_name":"Laura Gonzalez","article_modified_time":"2025-10-02T12:39:46+00:00","twitter_card":"summary_large_image","twitter_misc":{"Estimated reading time":"2 minutes"},"schema":{"@context":"https:\/\/schema.org","@graph":[{"@type":"WebPage","@id":"https:\/\/lg.infomaniak.prodsolead.com\/ajourneyofcolors\/","url":"https:\/\/lg.infomaniak.prodsolead.com\/ajourneyofcolors\/","name":"Sc\u00e9nographie VII -A Journey of Colors | Laura Gonzalez","isPartOf":{"@id":"https:\/\/lg.infomaniak.prodsolead.com\/#website"},"datePublished":"2025-09-04T13:20:07+00:00","dateModified":"2025-10-02T12:39:46+00:00","inLanguage":"en-GB","potentialAction":[{"@type":"ReadAction","target":["https:\/\/lg.infomaniak.prodsolead.com\/ajourneyofcolors\/"]}]},{"@type":"WebSite","@id":"https:\/\/lg.infomaniak.prodsolead.com\/#website","url":"https:\/\/lg.infomaniak.prodsolead.com\/","name":"Laura Gonzalez","description":"","publisher":{"@id":"https:\/\/lg.infomaniak.prodsolead.com\/#organization"},"potentialAction":[{"@type":"SearchAction","target":{"@type":"EntryPoint","urlTemplate":"https:\/\/lg.infomaniak.prodsolead.com\/?s={search_term_string}"},"query-input":{"@type":"PropertyValueSpecification","valueRequired":true,"valueName":"search_term_string"}}],"inLanguage":"en-GB"},{"@type":"Organization","@id":"https:\/\/lg.infomaniak.prodsolead.com\/#organization","name":"Laura Gonzalez","url":"https:\/\/lg.infomaniak.prodsolead.com\/","logo":{"@type":"ImageObject","inLanguage":"en-GB","@id":"https:\/\/lg.infomaniak.prodsolead.com\/#\/schema\/logo\/image\/","url":"","contentUrl":"","caption":"Laura Gonzalez"},"image":{"@id":"https:\/\/lg.infomaniak.prodsolead.com\/#\/schema\/logo\/image\/"}}]}},"_links":{"self":[{"href":"https:\/\/lg.infomaniak.prodsolead.com\/en\/wp-json\/wp\/v2\/pages\/12063","targetHints":{"allow":["GET"]}}],"collection":[{"href":"https:\/\/lg.infomaniak.prodsolead.com\/en\/wp-json\/wp\/v2\/pages"}],"about":[{"href":"https:\/\/lg.infomaniak.prodsolead.com\/en\/wp-json\/wp\/v2\/types\/page"}],"author":[{"embeddable":true,"href":"https:\/\/lg.infomaniak.prodsolead.com\/en\/wp-json\/wp\/v2\/users\/5"}],"replies":[{"embeddable":true,"href":"https:\/\/lg.infomaniak.prodsolead.com\/en\/wp-json\/wp\/v2\/comments?post=12063"}],"version-history":[{"count":82,"href":"https:\/\/lg.infomaniak.prodsolead.com\/en\/wp-json\/wp\/v2\/pages\/12063\/revisions"}],"predecessor-version":[{"id":12939,"href":"https:\/\/lg.infomaniak.prodsolead.com\/en\/wp-json\/wp\/v2\/pages\/12063\/revisions\/12939"}],"wp:attachment":[{"href":"https:\/\/lg.infomaniak.prodsolead.com\/en\/wp-json\/wp\/v2\/media?parent=12063"}],"curies":[{"name":"wp","href":"https:\/\/api.w.org\/{rel}","templated":true}]}}