{"id":13013,"date":"2025-10-08T10:06:07","date_gmt":"2025-10-08T08:06:07","guid":{"rendered":"https:\/\/lg.infomaniak.prodsolead.com\/?page_id=13013"},"modified":"2025-10-08T11:26:25","modified_gmt":"2025-10-08T09:26:25","slug":"authenticite-2","status":"publish","type":"page","link":"https:\/\/lg.infomaniak.prodsolead.com\/en\/authenticite-2\/","title":{"rendered":"Authenticity"},"content":{"rendered":"<div data-elementor-type=\"wp-page\" data-elementor-id=\"13013\" class=\"elementor elementor-13013\" data-elementor-post-type=\"page\">\n\t\t\t\t<div class=\"elementor-element elementor-element-430080c e-con-full e-flex e-con e-parent\" data-id=\"430080c\" data-element_type=\"container\">\n\t\t<div class=\"elementor-element elementor-element-91b9a3b e-con-full sld_e_image-hover-effect e-flex e-con e-child\" data-id=\"91b9a3b\" data-element_type=\"container\" data-settings=\"{&quot;background_background&quot;:&quot;video&quot;,&quot;background_video_link&quot;:&quot;https:\\\/\\\/vimeo.com\\\/1123949598&quot;,&quot;background_video_start&quot;:-1,&quot;background_play_on_mobile&quot;:&quot;yes&quot;}\">\n\t\t<div class=\"elementor-background-video-container\">\n\t\t\t\t\t\t\t<div class=\"elementor-background-video-embed\" role=\"presentation\"><\/div>\n\t\t\t\t\t\t<\/div>\t\t<\/div>\n\t\t<div class=\"elementor-element elementor-element-0d400ba e-con-full sld_e_image-hover-effect e-flex e-con e-child\" data-id=\"0d400ba\" data-element_type=\"container\" data-settings=\"{&quot;background_background&quot;:&quot;classic&quot;}\">\n\t\t\t\t<\/div>\n\t\t\t\t<\/div>\n\t\t<div class=\"elementor-element elementor-element-925e14a e-flex e-con-boxed e-con e-parent\" data-id=\"925e14a\" data-element_type=\"container\">\n\t\t\t\t\t<div class=\"e-con-inner\">\n\t\t<div class=\"elementor-element elementor-element-ae08bed e-flex e-con-boxed e-con e-child\" data-id=\"ae08bed\" data-element_type=\"container\" data-settings=\"{&quot;background_background&quot;:&quot;classic&quot;}\">\n\t\t\t\t\t<div class=\"e-con-inner\">\n\t\t\t\t<div class=\"elementor-element elementor-element-aab4dd2 elementor-widget-laptop__width-initial elementor-widget elementor-widget-heading\" data-id=\"aab4dd2\" data-element_type=\"widget\" data-widget_type=\"heading.default\">\n\t\t\t\t<div class=\"elementor-widget-container\">\n\t\t\t\t\t<span class=\"elementor-heading-title elementor-size-default\">LA CERTIFICATION<\/span>\t\t\t\t<\/div>\n\t\t\t\t<\/div>\n\t\t\t\t<div class=\"elementor-element elementor-element-2062304 elementor-widget elementor-widget-text-editor\" data-id=\"2062304\" data-element_type=\"widget\" data-widget_type=\"text-editor.default\">\n\t\t\t\t<div class=\"elementor-widget-container\">\n\t\t\t\t\t\t\t\t\t<h5>Dans chaque cr\u00e9ation, un d\u00e9tail discret affirme son \u00e9l\u00e9gance &amp; son authenticit\u00e9.<\/h5><h5>Une plaque unique est grav\u00e9e et signe l\u2019authenticit\u00e9 de la pi\u00e8ce dessin\u00e9e par nos soins.<br \/><br \/>Chaque pi\u00e8ce est singuli\u00e8re, pens\u00e9e pour traverser le temps et en porter la trace.<\/h5>\t\t\t\t\t\t\t\t<\/div>\n\t\t\t\t<\/div>\n\t\t\t\t\t<\/div>\n\t\t\t\t<\/div>\n\t\t<a class=\"elementor-element elementor-element-77a848e e-con-full sld_e_image-hover-effect e-flex e-con e-child\" data-id=\"77a848e\" data-element_type=\"container\" data-settings=\"{&quot;background_background&quot;:&quot;classic&quot;}\" href=\"https:\/\/lg.infomaniak.prodsolead.com\/en\/le-studio\/\">\n\t\t<div class=\"elementor-element elementor-element-81b91ba sld_e_image-hover-effect--nogrow e-flex e-con-boxed e-con e-child\" data-id=\"81b91ba\" data-element_type=\"container\" data-settings=\"{&quot;background_background&quot;:&quot;video&quot;,&quot;background_video_link&quot;:&quot;https:\\\/\\\/vimeo.com\\\/1123917452&quot;,&quot;background_play_on_mobile&quot;:&quot;yes&quot;}\">\n\t\t\t\t\t<div class=\"e-con-inner\">\n\t\t<div class=\"elementor-background-video-container\">\n\t\t\t\t\t\t\t<div class=\"elementor-background-video-embed\" role=\"presentation\"><\/div>\n\t\t\t\t\t\t<\/div>\t\t\t<\/div>\n\t\t\t\t<\/div>\n\t\t\t\t<\/a>\n\t\t\t\t\t<\/div>\n\t\t\t\t<\/div>\n\t\t<div class=\"elementor-element elementor-element-c4d1db8 e-flex e-con-boxed e-con e-parent\" data-id=\"c4d1db8\" data-element_type=\"container\">\n\t\t\t\t\t<div class=\"e-con-inner\">\n\t\t<a class=\"elementor-element elementor-element-961e39d e-con-full sld_e_image-hover-effect e-flex e-con e-child\" data-id=\"961e39d\" data-element_type=\"container\" data-settings=\"{&quot;background_background&quot;:&quot;classic&quot;}\" href=\"https:\/\/lg.infomaniak.prodsolead.com\/en\/le-studio\/\">\n\t\t<div class=\"elementor-element elementor-element-962c371 sld_e_image-hover-effect--nogrow e-flex e-con-boxed e-con e-child\" data-id=\"962c371\" data-element_type=\"container\" data-settings=\"{&quot;background_background&quot;:&quot;classic&quot;}\">\n\t\t\t\t\t<div class=\"e-con-inner\">\n\t\t\t\t\t<\/div>\n\t\t\t\t<\/div>\n\t\t\t\t<\/a>\n\t\t<div class=\"elementor-element elementor-element-a9c4f11 e-flex e-con-boxed e-con e-child\" data-id=\"a9c4f11\" data-element_type=\"container\" data-settings=\"{&quot;background_background&quot;:&quot;classic&quot;}\">\n\t\t\t\t\t<div class=\"e-con-inner\">\n\t\t\t\t<div class=\"elementor-element elementor-element-f6f78b3 elementor-widget-laptop__width-initial elementor-widget elementor-widget-heading\" data-id=\"f6f78b3\" data-element_type=\"widget\" data-widget_type=\"heading.default\">\n\t\t\t\t<div class=\"elementor-widget-container\">\n\t\t\t\t\t<span class=\"elementor-heading-title elementor-size-default\">UN NUMERO<\/span>\t\t\t\t<\/div>\n\t\t\t\t<\/div>\n\t\t\t\t<div class=\"elementor-element elementor-element-8d807ba elementor-widget elementor-widget-text-editor\" data-id=\"8d807ba\" data-element_type=\"widget\" data-widget_type=\"text-editor.default\">\n\t\t\t\t<div class=\"elementor-widget-container\">\n\t\t\t\t\t\t\t\t\t<h5>\u00c0 l\u2019int\u00e9rieur, un num\u00e9ro garantit son authenticit\u00e9 et lui en assure sa tra\u00e7abilit\u00e9. Il retrace l\u2019histoire de la pi\u00e8ce et en suit son parcours.<\/h5><h5>Bien plus qu\u2019un simple document, il constitue la m\u00e9moire d\u2019une \u00e9motion, d\u2019une intention, d\u2019un geste.<\/h5>\t\t\t\t\t\t\t\t<\/div>\n\t\t\t\t<\/div>\n\t\t\t\t\t<\/div>\n\t\t\t\t<\/div>\n\t\t\t\t\t<\/div>\n\t\t\t\t<\/div>\n\t\t\t\t<\/div>","protected":false},"excerpt":{"rendered":"<p>LA CERTIFICATION Dans chaque cr\u00e9ation, un d\u00e9tail discret affirme son \u00e9l\u00e9gance &amp; son authenticit\u00e9. Une plaque unique est grav\u00e9e et signe l\u2019authenticit\u00e9 de la pi\u00e8ce dessin\u00e9e par nos soins. Chaque pi\u00e8ce est singuli\u00e8re, pens\u00e9e pour traverser le temps et en porter la trace. UN NUMERO \u00c0 l\u2019int\u00e9rieur, un num\u00e9ro garantit son authenticit\u00e9 et lui en [&hellip;]<\/p>","protected":false},"author":5,"featured_media":0,"parent":0,"menu_order":0,"comment_status":"closed","ping_status":"closed","template":"","meta":{"_acf_changed":false,"_mo_disable_npp":"","inline_featured_image":false,"footnotes":""},"class_list":["post-13013","page","type-page","status-publish","hentry"],"acf":[],"yoast_head":"<!-- This site is optimized with the Yoast SEO plugin v26.8 - https:\/\/yoast.com\/product\/yoast-seo-wordpress\/ -->\n<title>Authenticit\u00e9 | Laura Gonzalez<\/title>\n<meta name=\"robots\" content=\"index, follow, max-snippet:-1, max-image-preview:large, max-video-preview:-1\" \/>\n<link rel=\"canonical\" href=\"https:\/\/lg.infomaniak.prodsolead.com\/en\/authenticite-2\/\" \/>\n<meta property=\"og:locale\" content=\"en_GB\" \/>\n<meta property=\"og:type\" content=\"article\" \/>\n<meta property=\"og:title\" content=\"Authenticit\u00e9 | Laura Gonzalez\" \/>\n<meta property=\"og:description\" content=\"LA CERTIFICATION Dans chaque cr\u00e9ation, un d\u00e9tail discret affirme son \u00e9l\u00e9gance &amp; son authenticit\u00e9. Une plaque unique est grav\u00e9e et signe l\u2019authenticit\u00e9 de la pi\u00e8ce dessin\u00e9e par nos soins. Chaque pi\u00e8ce est singuli\u00e8re, pens\u00e9e pour traverser le temps et en porter la trace. UN NUMERO \u00c0 l\u2019int\u00e9rieur, un num\u00e9ro garantit son authenticit\u00e9 et lui en [&hellip;]\" \/>\n<meta property=\"og:url\" content=\"https:\/\/lg.infomaniak.prodsolead.com\/en\/authenticite-2\/\" \/>\n<meta property=\"og:site_name\" content=\"Laura Gonzalez\" \/>\n<meta property=\"article:modified_time\" content=\"2025-10-08T09:26:25+00:00\" \/>\n<meta name=\"twitter:card\" content=\"summary_large_image\" \/>\n<meta name=\"twitter:label1\" content=\"Estimated reading time\" \/>\n\t<meta name=\"twitter:data1\" content=\"1 minute\" \/>\n<script type=\"application\/ld+json\" class=\"yoast-schema-graph\">{\"@context\":\"https:\/\/schema.org\",\"@graph\":[{\"@type\":\"WebPage\",\"@id\":\"https:\/\/lg.infomaniak.prodsolead.com\/authenticite-2\/\",\"url\":\"https:\/\/lg.infomaniak.prodsolead.com\/authenticite-2\/\",\"name\":\"Authenticit\u00e9 | Laura Gonzalez\",\"isPartOf\":{\"@id\":\"https:\/\/lg.infomaniak.prodsolead.com\/#website\"},\"datePublished\":\"2025-10-08T08:06:07+00:00\",\"dateModified\":\"2025-10-08T09:26:25+00:00\",\"inLanguage\":\"en-GB\",\"potentialAction\":[{\"@type\":\"ReadAction\",\"target\":[\"https:\/\/lg.infomaniak.prodsolead.com\/authenticite-2\/\"]}]},{\"@type\":\"WebSite\",\"@id\":\"https:\/\/lg.infomaniak.prodsolead.com\/#website\",\"url\":\"https:\/\/lg.infomaniak.prodsolead.com\/\",\"name\":\"Laura Gonzalez\",\"description\":\"\",\"publisher\":{\"@id\":\"https:\/\/lg.infomaniak.prodsolead.com\/#organization\"},\"potentialAction\":[{\"@type\":\"SearchAction\",\"target\":{\"@type\":\"EntryPoint\",\"urlTemplate\":\"https:\/\/lg.infomaniak.prodsolead.com\/?s={search_term_string}\"},\"query-input\":{\"@type\":\"PropertyValueSpecification\",\"valueRequired\":true,\"valueName\":\"search_term_string\"}}],\"inLanguage\":\"en-GB\"},{\"@type\":\"Organization\",\"@id\":\"https:\/\/lg.infomaniak.prodsolead.com\/#organization\",\"name\":\"Laura Gonzalez\",\"url\":\"https:\/\/lg.infomaniak.prodsolead.com\/\",\"logo\":{\"@type\":\"ImageObject\",\"inLanguage\":\"en-GB\",\"@id\":\"https:\/\/lg.infomaniak.prodsolead.com\/#\/schema\/logo\/image\/\",\"url\":\"\",\"contentUrl\":\"\",\"caption\":\"Laura Gonzalez\"},\"image\":{\"@id\":\"https:\/\/lg.infomaniak.prodsolead.com\/#\/schema\/logo\/image\/\"}}]}<\/script>\n<!-- \/ Yoast SEO plugin. -->","yoast_head_json":{"title":"Authenticit\u00e9 | Laura Gonzalez","robots":{"index":"index","follow":"follow","max-snippet":"max-snippet:-1","max-image-preview":"max-image-preview:large","max-video-preview":"max-video-preview:-1"},"canonical":"https:\/\/lg.infomaniak.prodsolead.com\/en\/authenticite-2\/","og_locale":"en_GB","og_type":"article","og_title":"Authenticit\u00e9 | Laura Gonzalez","og_description":"LA CERTIFICATION Dans chaque cr\u00e9ation, un d\u00e9tail discret affirme son \u00e9l\u00e9gance &amp; son authenticit\u00e9. Une plaque unique est grav\u00e9e et signe l\u2019authenticit\u00e9 de la pi\u00e8ce dessin\u00e9e par nos soins. Chaque pi\u00e8ce est singuli\u00e8re, pens\u00e9e pour traverser le temps et en porter la trace. UN NUMERO \u00c0 l\u2019int\u00e9rieur, un num\u00e9ro garantit son authenticit\u00e9 et lui en [&hellip;]","og_url":"https:\/\/lg.infomaniak.prodsolead.com\/en\/authenticite-2\/","og_site_name":"Laura Gonzalez","article_modified_time":"2025-10-08T09:26:25+00:00","twitter_card":"summary_large_image","twitter_misc":{"Estimated reading time":"1 minute"},"schema":{"@context":"https:\/\/schema.org","@graph":[{"@type":"WebPage","@id":"https:\/\/lg.infomaniak.prodsolead.com\/authenticite-2\/","url":"https:\/\/lg.infomaniak.prodsolead.com\/authenticite-2\/","name":"Authenticit\u00e9 | Laura Gonzalez","isPartOf":{"@id":"https:\/\/lg.infomaniak.prodsolead.com\/#website"},"datePublished":"2025-10-08T08:06:07+00:00","dateModified":"2025-10-08T09:26:25+00:00","inLanguage":"en-GB","potentialAction":[{"@type":"ReadAction","target":["https:\/\/lg.infomaniak.prodsolead.com\/authenticite-2\/"]}]},{"@type":"WebSite","@id":"https:\/\/lg.infomaniak.prodsolead.com\/#website","url":"https:\/\/lg.infomaniak.prodsolead.com\/","name":"Laura Gonzalez","description":"","publisher":{"@id":"https:\/\/lg.infomaniak.prodsolead.com\/#organization"},"potentialAction":[{"@type":"SearchAction","target":{"@type":"EntryPoint","urlTemplate":"https:\/\/lg.infomaniak.prodsolead.com\/?s={search_term_string}"},"query-input":{"@type":"PropertyValueSpecification","valueRequired":true,"valueName":"search_term_string"}}],"inLanguage":"en-GB"},{"@type":"Organization","@id":"https:\/\/lg.infomaniak.prodsolead.com\/#organization","name":"Laura Gonzalez","url":"https:\/\/lg.infomaniak.prodsolead.com\/","logo":{"@type":"ImageObject","inLanguage":"en-GB","@id":"https:\/\/lg.infomaniak.prodsolead.com\/#\/schema\/logo\/image\/","url":"","contentUrl":"","caption":"Laura Gonzalez"},"image":{"@id":"https:\/\/lg.infomaniak.prodsolead.com\/#\/schema\/logo\/image\/"}}]}},"_links":{"self":[{"href":"https:\/\/lg.infomaniak.prodsolead.com\/en\/wp-json\/wp\/v2\/pages\/13013","targetHints":{"allow":["GET"]}}],"collection":[{"href":"https:\/\/lg.infomaniak.prodsolead.com\/en\/wp-json\/wp\/v2\/pages"}],"about":[{"href":"https:\/\/lg.infomaniak.prodsolead.com\/en\/wp-json\/wp\/v2\/types\/page"}],"author":[{"embeddable":true,"href":"https:\/\/lg.infomaniak.prodsolead.com\/en\/wp-json\/wp\/v2\/users\/5"}],"replies":[{"embeddable":true,"href":"https:\/\/lg.infomaniak.prodsolead.com\/en\/wp-json\/wp\/v2\/comments?post=13013"}],"version-history":[{"count":45,"href":"https:\/\/lg.infomaniak.prodsolead.com\/en\/wp-json\/wp\/v2\/pages\/13013\/revisions"}],"predecessor-version":[{"id":13142,"href":"https:\/\/lg.infomaniak.prodsolead.com\/en\/wp-json\/wp\/v2\/pages\/13013\/revisions\/13142"}],"wp:attachment":[{"href":"https:\/\/lg.infomaniak.prodsolead.com\/en\/wp-json\/wp\/v2\/media?parent=13013"}],"curies":[{"name":"wp","href":"https:\/\/api.w.org\/{rel}","templated":true}]}}