{"id":1140,"date":"2024-02-04T16:01:55","date_gmt":"2024-02-04T15:01:55","guid":{"rendered":"https:\/\/lg.infomaniak.prodsolead.com\/product\/canape-casa-standard-bleu\/"},"modified":"2025-06-19T14:48:47","modified_gmt":"2025-06-19T12:48:47","slug":"canape-casa-standard-bleu","status":"publish","type":"product","link":"https:\/\/lg.infomaniak.prodsolead.com\/en\/product\/canape-casa-standard-bleu\/","title":{"rendered":"Casa Blue Sofa"},"content":{"rendered":"<p>Sofa with wide, flat arms, fully upholstered in velvet. Glossy lacquered legs. Oak frame with high-density, resilient foam for optimum comfort. A down layer covering the surface of the seat and back provides enhanced comfort.<\/p>","protected":false},"excerpt":{"rendered":"<p>Sofa with wide, flat arms, fully upholstered in velvet. Glossy lacquered legs. Oak frame with high-density, resilient foam for optimum comfort. A down layer covering the surface of the seat and back provides enhanced comfort.<\/p>","protected":false},"featured_media":6311,"comment_status":"open","ping_status":"closed","template":"","meta":{"_acf_changed":false,"_mo_disable_npp":"","inline_featured_image":false},"product_brand":[],"product_cat":[23,28],"product_tag":[90],"class_list":{"0":"post-1140","1":"product","2":"type-product","3":"status-publish","4":"has-post-thumbnail","6":"product_cat-assises","7":"product_cat-canapes","8":"product_tag-new-york","10":"first","11":"instock","12":"shipping-taxable","13":"purchasable","14":"product-type-simple"},"acf":[],"yoast_head":"<!-- This site is optimized with the Yoast SEO plugin v26.8 - https:\/\/yoast.com\/product\/yoast-seo-wordpress\/ -->\n<title>Canap\u00e9 Casa Bleu - Laura Gonzalez<\/title>\n<meta name=\"robots\" content=\"index, follow, max-snippet:-1, max-image-preview:large, max-video-preview:-1\" \/>\n<link rel=\"canonical\" href=\"https:\/\/lg.infomaniak.prodsolead.com\/en\/product\/canape-casa-standard-bleu\/\" \/>\n<meta property=\"og:locale\" content=\"en_GB\" \/>\n<meta property=\"og:type\" content=\"article\" \/>\n<meta property=\"og:title\" content=\"Canap\u00e9 Casa Bleu - Laura Gonzalez\" \/>\n<meta property=\"og:description\" content=\"Canap\u00e9 avec de larges accoudoirs plats, enti\u00e8rement recouverts de velours, et des pieds laqu\u00e9s brillants. Structure en ch\u00eane avec une mousse de forte densit\u00e9 et r\u00e9silience pour un confort optimal. Une couette en duvet recouvre la surface de l&rsquo;assise et du dossier et ajoute au confort final.\" \/>\n<meta property=\"og:url\" content=\"https:\/\/lg.infomaniak.prodsolead.com\/en\/product\/canape-casa-standard-bleu\/\" \/>\n<meta property=\"og:site_name\" content=\"Laura Gonzalez\" \/>\n<meta property=\"article:modified_time\" content=\"2025-06-19T12:48:47+00:00\" \/>\n<meta property=\"og:image\" content=\"https:\/\/lg.infomaniak.prodsolead.com\/wp-content\/uploads\/2024\/02\/01.-Canape-Casa-Bleu_carre-copie-scaled.jpg\" \/>\n\t<meta property=\"og:image:width\" content=\"2560\" \/>\n\t<meta property=\"og:image:height\" content=\"2560\" \/>\n\t<meta property=\"og:image:type\" content=\"image\/jpeg\" \/>\n<meta name=\"twitter:card\" content=\"summary_large_image\" \/>\n<meta name=\"twitter:label1\" content=\"Estimated reading time\" \/>\n\t<meta name=\"twitter:data1\" content=\"1 minute\" \/>\n<script type=\"application\/ld+json\" class=\"yoast-schema-graph\">{\"@context\":\"https:\/\/schema.org\",\"@graph\":[{\"@type\":\"WebPage\",\"@id\":\"https:\/\/lg.infomaniak.prodsolead.com\/product\/canape-casa-standard-bleu\/\",\"url\":\"https:\/\/lg.infomaniak.prodsolead.com\/product\/canape-casa-standard-bleu\/\",\"name\":\"Canap\u00e9 Casa Bleu - Laura Gonzalez\",\"isPartOf\":{\"@id\":\"https:\/\/lg.infomaniak.prodsolead.com\/#website\"},\"primaryImageOfPage\":{\"@id\":\"https:\/\/lg.infomaniak.prodsolead.com\/product\/canape-casa-standard-bleu\/#primaryimage\"},\"image\":{\"@id\":\"https:\/\/lg.infomaniak.prodsolead.com\/product\/canape-casa-standard-bleu\/#primaryimage\"},\"thumbnailUrl\":\"https:\/\/lg.infomaniak.prodsolead.com\/wp-content\/uploads\/2024\/02\/01.-Canape-Casa-Bleu_carre-copie-scaled.jpg\",\"datePublished\":\"2024-02-04T15:01:55+00:00\",\"dateModified\":\"2025-06-19T12:48:47+00:00\",\"breadcrumb\":{\"@id\":\"https:\/\/lg.infomaniak.prodsolead.com\/product\/canape-casa-standard-bleu\/#breadcrumb\"},\"inLanguage\":\"en-GB\",\"potentialAction\":[{\"@type\":\"ReadAction\",\"target\":[\"https:\/\/lg.infomaniak.prodsolead.com\/product\/canape-casa-standard-bleu\/\"]}]},{\"@type\":\"ImageObject\",\"inLanguage\":\"en-GB\",\"@id\":\"https:\/\/lg.infomaniak.prodsolead.com\/product\/canape-casa-standard-bleu\/#primaryimage\",\"url\":\"https:\/\/lg.infomaniak.prodsolead.com\/wp-content\/uploads\/2024\/02\/01.-Canape-Casa-Bleu_carre-copie-scaled.jpg\",\"contentUrl\":\"https:\/\/lg.infomaniak.prodsolead.com\/wp-content\/uploads\/2024\/02\/01.-Canape-Casa-Bleu_carre-copie-scaled.jpg\",\"width\":2560,\"height\":2560},{\"@type\":\"BreadcrumbList\",\"@id\":\"https:\/\/lg.infomaniak.prodsolead.com\/product\/canape-casa-standard-bleu\/#breadcrumb\",\"itemListElement\":[{\"@type\":\"ListItem\",\"position\":1,\"name\":\"Collection\",\"item\":\"https:\/\/lg.infomaniak.prodsolead.com\/collection\/\"},{\"@type\":\"ListItem\",\"position\":2,\"name\":\"Assises\",\"item\":\"https:\/\/lg.infomaniak.prodsolead.com\/product-category\/assises\/\"},{\"@type\":\"ListItem\",\"position\":3,\"name\":\"Canap\u00e9 Casa Bleu\"}]},{\"@type\":\"WebSite\",\"@id\":\"https:\/\/lg.infomaniak.prodsolead.com\/#website\",\"url\":\"https:\/\/lg.infomaniak.prodsolead.com\/\",\"name\":\"Laura Gonzalez\",\"description\":\"\",\"publisher\":{\"@id\":\"https:\/\/lg.infomaniak.prodsolead.com\/#organization\"},\"potentialAction\":[{\"@type\":\"SearchAction\",\"target\":{\"@type\":\"EntryPoint\",\"urlTemplate\":\"https:\/\/lg.infomaniak.prodsolead.com\/?s={search_term_string}\"},\"query-input\":{\"@type\":\"PropertyValueSpecification\",\"valueRequired\":true,\"valueName\":\"search_term_string\"}}],\"inLanguage\":\"en-GB\"},{\"@type\":\"Organization\",\"@id\":\"https:\/\/lg.infomaniak.prodsolead.com\/#organization\",\"name\":\"Laura Gonzalez\",\"url\":\"https:\/\/lg.infomaniak.prodsolead.com\/\",\"logo\":{\"@type\":\"ImageObject\",\"inLanguage\":\"en-GB\",\"@id\":\"https:\/\/lg.infomaniak.prodsolead.com\/#\/schema\/logo\/image\/\",\"url\":\"\",\"contentUrl\":\"\",\"caption\":\"Laura Gonzalez\"},\"image\":{\"@id\":\"https:\/\/lg.infomaniak.prodsolead.com\/#\/schema\/logo\/image\/\"}}]}<\/script>\n<!-- \/ Yoast SEO plugin. -->","yoast_head_json":{"title":"Canap\u00e9 Casa Bleu - Laura Gonzalez","robots":{"index":"index","follow":"follow","max-snippet":"max-snippet:-1","max-image-preview":"max-image-preview:large","max-video-preview":"max-video-preview:-1"},"canonical":"https:\/\/lg.infomaniak.prodsolead.com\/en\/product\/canape-casa-standard-bleu\/","og_locale":"en_GB","og_type":"article","og_title":"Canap\u00e9 Casa Bleu - Laura Gonzalez","og_description":"Canap\u00e9 avec de larges accoudoirs plats, enti\u00e8rement recouverts de velours, et des pieds laqu\u00e9s brillants. Structure en ch\u00eane avec une mousse de forte densit\u00e9 et r\u00e9silience pour un confort optimal. Une couette en duvet recouvre la surface de l&rsquo;assise et du dossier et ajoute au confort final.","og_url":"https:\/\/lg.infomaniak.prodsolead.com\/en\/product\/canape-casa-standard-bleu\/","og_site_name":"Laura Gonzalez","article_modified_time":"2025-06-19T12:48:47+00:00","og_image":[{"width":2560,"height":2560,"url":"https:\/\/lg.infomaniak.prodsolead.com\/wp-content\/uploads\/2024\/02\/01.-Canape-Casa-Bleu_carre-copie-scaled.jpg","type":"image\/jpeg"}],"twitter_card":"summary_large_image","twitter_misc":{"Estimated reading time":"1 minute"},"schema":{"@context":"https:\/\/schema.org","@graph":[{"@type":"WebPage","@id":"https:\/\/lg.infomaniak.prodsolead.com\/product\/canape-casa-standard-bleu\/","url":"https:\/\/lg.infomaniak.prodsolead.com\/product\/canape-casa-standard-bleu\/","name":"Canap\u00e9 Casa Bleu - Laura Gonzalez","isPartOf":{"@id":"https:\/\/lg.infomaniak.prodsolead.com\/#website"},"primaryImageOfPage":{"@id":"https:\/\/lg.infomaniak.prodsolead.com\/product\/canape-casa-standard-bleu\/#primaryimage"},"image":{"@id":"https:\/\/lg.infomaniak.prodsolead.com\/product\/canape-casa-standard-bleu\/#primaryimage"},"thumbnailUrl":"https:\/\/lg.infomaniak.prodsolead.com\/wp-content\/uploads\/2024\/02\/01.-Canape-Casa-Bleu_carre-copie-scaled.jpg","datePublished":"2024-02-04T15:01:55+00:00","dateModified":"2025-06-19T12:48:47+00:00","breadcrumb":{"@id":"https:\/\/lg.infomaniak.prodsolead.com\/product\/canape-casa-standard-bleu\/#breadcrumb"},"inLanguage":"en-GB","potentialAction":[{"@type":"ReadAction","target":["https:\/\/lg.infomaniak.prodsolead.com\/product\/canape-casa-standard-bleu\/"]}]},{"@type":"ImageObject","inLanguage":"en-GB","@id":"https:\/\/lg.infomaniak.prodsolead.com\/product\/canape-casa-standard-bleu\/#primaryimage","url":"https:\/\/lg.infomaniak.prodsolead.com\/wp-content\/uploads\/2024\/02\/01.-Canape-Casa-Bleu_carre-copie-scaled.jpg","contentUrl":"https:\/\/lg.infomaniak.prodsolead.com\/wp-content\/uploads\/2024\/02\/01.-Canape-Casa-Bleu_carre-copie-scaled.jpg","width":2560,"height":2560},{"@type":"BreadcrumbList","@id":"https:\/\/lg.infomaniak.prodsolead.com\/product\/canape-casa-standard-bleu\/#breadcrumb","itemListElement":[{"@type":"ListItem","position":1,"name":"Collection","item":"https:\/\/lg.infomaniak.prodsolead.com\/collection\/"},{"@type":"ListItem","position":2,"name":"Assises","item":"https:\/\/lg.infomaniak.prodsolead.com\/product-category\/assises\/"},{"@type":"ListItem","position":3,"name":"Canap\u00e9 Casa Bleu"}]},{"@type":"WebSite","@id":"https:\/\/lg.infomaniak.prodsolead.com\/#website","url":"https:\/\/lg.infomaniak.prodsolead.com\/","name":"Laura Gonzalez","description":"","publisher":{"@id":"https:\/\/lg.infomaniak.prodsolead.com\/#organization"},"potentialAction":[{"@type":"SearchAction","target":{"@type":"EntryPoint","urlTemplate":"https:\/\/lg.infomaniak.prodsolead.com\/?s={search_term_string}"},"query-input":{"@type":"PropertyValueSpecification","valueRequired":true,"valueName":"search_term_string"}}],"inLanguage":"en-GB"},{"@type":"Organization","@id":"https:\/\/lg.infomaniak.prodsolead.com\/#organization","name":"Laura Gonzalez","url":"https:\/\/lg.infomaniak.prodsolead.com\/","logo":{"@type":"ImageObject","inLanguage":"en-GB","@id":"https:\/\/lg.infomaniak.prodsolead.com\/#\/schema\/logo\/image\/","url":"","contentUrl":"","caption":"Laura Gonzalez"},"image":{"@id":"https:\/\/lg.infomaniak.prodsolead.com\/#\/schema\/logo\/image\/"}}]}},"df_price":"","df_sale_price":"","df_regular_price":"","df_image_link":"https:\/\/lg.infomaniak.prodsolead.com\/wp-content\/uploads\/2024\/02\/01.-Canape-Casa-Bleu_carre-copie-300x300.jpg","_links":{"self":[{"href":"https:\/\/lg.infomaniak.prodsolead.com\/en\/wp-json\/wp\/v2\/product\/1140","targetHints":{"allow":["GET"]}}],"collection":[{"href":"https:\/\/lg.infomaniak.prodsolead.com\/en\/wp-json\/wp\/v2\/product"}],"about":[{"href":"https:\/\/lg.infomaniak.prodsolead.com\/en\/wp-json\/wp\/v2\/types\/product"}],"replies":[{"embeddable":true,"href":"https:\/\/lg.infomaniak.prodsolead.com\/en\/wp-json\/wp\/v2\/comments?post=1140"}],"wp:featuredmedia":[{"embeddable":true,"href":"https:\/\/lg.infomaniak.prodsolead.com\/en\/wp-json\/wp\/v2\/media\/6311"}],"wp:attachment":[{"href":"https:\/\/lg.infomaniak.prodsolead.com\/en\/wp-json\/wp\/v2\/media?parent=1140"}],"wp:term":[{"taxonomy":"product_brand","embeddable":true,"href":"https:\/\/lg.infomaniak.prodsolead.com\/en\/wp-json\/wp\/v2\/product_brand?post=1140"},{"taxonomy":"product_cat","embeddable":true,"href":"https:\/\/lg.infomaniak.prodsolead.com\/en\/wp-json\/wp\/v2\/product_cat?post=1140"},{"taxonomy":"product_tag","embeddable":true,"href":"https:\/\/lg.infomaniak.prodsolead.com\/en\/wp-json\/wp\/v2\/product_tag?post=1140"}],"curies":[{"name":"wp","href":"https:\/\/api.w.org\/{rel}","templated":true}]}}