{"id":12044,"date":"2025-11-24T16:15:08","date_gmt":"2025-11-24T15:15:08","guid":{"rendered":"https:\/\/lg.infomaniak.prodsolead.com\/?post_type=product&#038;p=12044"},"modified":"2026-01-07T14:22:27","modified_gmt":"2026-01-07T13:22:27","slug":"bureau-kapla-disco","status":"publish","type":"product","link":"https:\/\/lg.infomaniak.prodsolead.com\/en\/product\/bureau-kapla-disco\/","title":{"rendered":"Bureau Kapla Disco"},"content":{"rendered":"<p>Bureau en bois avec pieds \u00e9vas\u00e9s et tiroirs ondul\u00e9s, avec des d\u00e9tails de marqueterie artisanale.<\/p>\n<p data-start=\"241\" data-end=\"428\">","protected":false},"excerpt":{"rendered":"<p>Bureau en bois. W 99 x D 59 x H 75 cm<\/p>","protected":false},"featured_media":12050,"comment_status":"open","ping_status":"closed","template":"","meta":{"_acf_changed":false,"_mo_disable_npp":"","inline_featured_image":false},"product_brand":[],"product_cat":[36,24],"product_tag":[],"class_list":{"0":"post-12044","1":"product","2":"type-product","3":"status-publish","4":"has-post-thumbnail","6":"product_cat-bureaux","7":"product_cat-tables","9":"first","10":"instock","11":"shipping-taxable","12":"purchasable","13":"product-type-simple"},"acf":[],"yoast_head":"<!-- This site is optimized with the Yoast SEO plugin v26.8 - https:\/\/yoast.com\/product\/yoast-seo-wordpress\/ -->\n<title>Bureau Kapla Disco - Laura Gonzalez<\/title>\n<meta name=\"robots\" content=\"index, follow, max-snippet:-1, max-image-preview:large, max-video-preview:-1\" \/>\n<link rel=\"canonical\" href=\"https:\/\/lg.infomaniak.prodsolead.com\/en\/product\/bureau-kapla-disco\/\" \/>\n<meta property=\"og:locale\" content=\"en_GB\" \/>\n<meta property=\"og:type\" content=\"article\" \/>\n<meta property=\"og:title\" content=\"Bureau Kapla Disco - Laura Gonzalez\" \/>\n<meta property=\"og:description\" content=\"Bureau en bois. W 99 x D 59 x H 75 cm\" \/>\n<meta property=\"og:url\" content=\"https:\/\/lg.infomaniak.prodsolead.com\/en\/product\/bureau-kapla-disco\/\" \/>\n<meta property=\"og:site_name\" content=\"Laura Gonzalez\" \/>\n<meta property=\"article:modified_time\" content=\"2026-01-07T13:22:27+00:00\" \/>\n<meta property=\"og:image\" content=\"https:\/\/lg.infomaniak.prodsolead.com\/wp-content\/uploads\/2025\/09\/1-4.jpg\" \/>\n\t<meta property=\"og:image:width\" content=\"1080\" \/>\n\t<meta property=\"og:image:height\" content=\"1080\" \/>\n\t<meta property=\"og:image:type\" content=\"image\/jpeg\" \/>\n<meta name=\"twitter:card\" content=\"summary_large_image\" \/>\n<meta name=\"twitter:label1\" content=\"Estimated reading time\" \/>\n\t<meta name=\"twitter:data1\" content=\"1 minute\" \/>\n<script type=\"application\/ld+json\" class=\"yoast-schema-graph\">{\"@context\":\"https:\/\/schema.org\",\"@graph\":[{\"@type\":\"WebPage\",\"@id\":\"https:\/\/lg.infomaniak.prodsolead.com\/product\/bureau-kapla-disco\/\",\"url\":\"https:\/\/lg.infomaniak.prodsolead.com\/product\/bureau-kapla-disco\/\",\"name\":\"Bureau Kapla Disco - Laura Gonzalez\",\"isPartOf\":{\"@id\":\"https:\/\/lg.infomaniak.prodsolead.com\/#website\"},\"primaryImageOfPage\":{\"@id\":\"https:\/\/lg.infomaniak.prodsolead.com\/product\/bureau-kapla-disco\/#primaryimage\"},\"image\":{\"@id\":\"https:\/\/lg.infomaniak.prodsolead.com\/product\/bureau-kapla-disco\/#primaryimage\"},\"thumbnailUrl\":\"https:\/\/lg.infomaniak.prodsolead.com\/wp-content\/uploads\/2025\/09\/1-4.jpg\",\"datePublished\":\"2025-11-24T15:15:08+00:00\",\"dateModified\":\"2026-01-07T13:22:27+00:00\",\"breadcrumb\":{\"@id\":\"https:\/\/lg.infomaniak.prodsolead.com\/product\/bureau-kapla-disco\/#breadcrumb\"},\"inLanguage\":\"en-GB\",\"potentialAction\":[{\"@type\":\"ReadAction\",\"target\":[\"https:\/\/lg.infomaniak.prodsolead.com\/product\/bureau-kapla-disco\/\"]}]},{\"@type\":\"ImageObject\",\"inLanguage\":\"en-GB\",\"@id\":\"https:\/\/lg.infomaniak.prodsolead.com\/product\/bureau-kapla-disco\/#primaryimage\",\"url\":\"https:\/\/lg.infomaniak.prodsolead.com\/wp-content\/uploads\/2025\/09\/1-4.jpg\",\"contentUrl\":\"https:\/\/lg.infomaniak.prodsolead.com\/wp-content\/uploads\/2025\/09\/1-4.jpg\",\"width\":1080,\"height\":1080},{\"@type\":\"BreadcrumbList\",\"@id\":\"https:\/\/lg.infomaniak.prodsolead.com\/product\/bureau-kapla-disco\/#breadcrumb\",\"itemListElement\":[{\"@type\":\"ListItem\",\"position\":1,\"name\":\"Collection\",\"item\":\"https:\/\/lg.infomaniak.prodsolead.com\/collection\/\"},{\"@type\":\"ListItem\",\"position\":2,\"name\":\"Tables\",\"item\":\"https:\/\/lg.infomaniak.prodsolead.com\/product-category\/tables\/\"},{\"@type\":\"ListItem\",\"position\":3,\"name\":\"Bureau Kapla Disco\"}]},{\"@type\":\"WebSite\",\"@id\":\"https:\/\/lg.infomaniak.prodsolead.com\/#website\",\"url\":\"https:\/\/lg.infomaniak.prodsolead.com\/\",\"name\":\"Laura Gonzalez\",\"description\":\"\",\"publisher\":{\"@id\":\"https:\/\/lg.infomaniak.prodsolead.com\/#organization\"},\"potentialAction\":[{\"@type\":\"SearchAction\",\"target\":{\"@type\":\"EntryPoint\",\"urlTemplate\":\"https:\/\/lg.infomaniak.prodsolead.com\/?s={search_term_string}\"},\"query-input\":{\"@type\":\"PropertyValueSpecification\",\"valueRequired\":true,\"valueName\":\"search_term_string\"}}],\"inLanguage\":\"en-GB\"},{\"@type\":\"Organization\",\"@id\":\"https:\/\/lg.infomaniak.prodsolead.com\/#organization\",\"name\":\"Laura Gonzalez\",\"url\":\"https:\/\/lg.infomaniak.prodsolead.com\/\",\"logo\":{\"@type\":\"ImageObject\",\"inLanguage\":\"en-GB\",\"@id\":\"https:\/\/lg.infomaniak.prodsolead.com\/#\/schema\/logo\/image\/\",\"url\":\"\",\"contentUrl\":\"\",\"caption\":\"Laura Gonzalez\"},\"image\":{\"@id\":\"https:\/\/lg.infomaniak.prodsolead.com\/#\/schema\/logo\/image\/\"}}]}<\/script>\n<!-- \/ Yoast SEO plugin. -->","yoast_head_json":{"title":"Bureau Kapla Disco - Laura Gonzalez","robots":{"index":"index","follow":"follow","max-snippet":"max-snippet:-1","max-image-preview":"max-image-preview:large","max-video-preview":"max-video-preview:-1"},"canonical":"https:\/\/lg.infomaniak.prodsolead.com\/en\/product\/bureau-kapla-disco\/","og_locale":"en_GB","og_type":"article","og_title":"Bureau Kapla Disco - Laura Gonzalez","og_description":"Bureau en bois. W 99 x D 59 x H 75 cm","og_url":"https:\/\/lg.infomaniak.prodsolead.com\/en\/product\/bureau-kapla-disco\/","og_site_name":"Laura Gonzalez","article_modified_time":"2026-01-07T13:22:27+00:00","og_image":[{"width":1080,"height":1080,"url":"https:\/\/lg.infomaniak.prodsolead.com\/wp-content\/uploads\/2025\/09\/1-4.jpg","type":"image\/jpeg"}],"twitter_card":"summary_large_image","twitter_misc":{"Estimated reading time":"1 minute"},"schema":{"@context":"https:\/\/schema.org","@graph":[{"@type":"WebPage","@id":"https:\/\/lg.infomaniak.prodsolead.com\/product\/bureau-kapla-disco\/","url":"https:\/\/lg.infomaniak.prodsolead.com\/product\/bureau-kapla-disco\/","name":"Bureau Kapla Disco - Laura Gonzalez","isPartOf":{"@id":"https:\/\/lg.infomaniak.prodsolead.com\/#website"},"primaryImageOfPage":{"@id":"https:\/\/lg.infomaniak.prodsolead.com\/product\/bureau-kapla-disco\/#primaryimage"},"image":{"@id":"https:\/\/lg.infomaniak.prodsolead.com\/product\/bureau-kapla-disco\/#primaryimage"},"thumbnailUrl":"https:\/\/lg.infomaniak.prodsolead.com\/wp-content\/uploads\/2025\/09\/1-4.jpg","datePublished":"2025-11-24T15:15:08+00:00","dateModified":"2026-01-07T13:22:27+00:00","breadcrumb":{"@id":"https:\/\/lg.infomaniak.prodsolead.com\/product\/bureau-kapla-disco\/#breadcrumb"},"inLanguage":"en-GB","potentialAction":[{"@type":"ReadAction","target":["https:\/\/lg.infomaniak.prodsolead.com\/product\/bureau-kapla-disco\/"]}]},{"@type":"ImageObject","inLanguage":"en-GB","@id":"https:\/\/lg.infomaniak.prodsolead.com\/product\/bureau-kapla-disco\/#primaryimage","url":"https:\/\/lg.infomaniak.prodsolead.com\/wp-content\/uploads\/2025\/09\/1-4.jpg","contentUrl":"https:\/\/lg.infomaniak.prodsolead.com\/wp-content\/uploads\/2025\/09\/1-4.jpg","width":1080,"height":1080},{"@type":"BreadcrumbList","@id":"https:\/\/lg.infomaniak.prodsolead.com\/product\/bureau-kapla-disco\/#breadcrumb","itemListElement":[{"@type":"ListItem","position":1,"name":"Collection","item":"https:\/\/lg.infomaniak.prodsolead.com\/collection\/"},{"@type":"ListItem","position":2,"name":"Tables","item":"https:\/\/lg.infomaniak.prodsolead.com\/product-category\/tables\/"},{"@type":"ListItem","position":3,"name":"Bureau Kapla Disco"}]},{"@type":"WebSite","@id":"https:\/\/lg.infomaniak.prodsolead.com\/#website","url":"https:\/\/lg.infomaniak.prodsolead.com\/","name":"Laura Gonzalez","description":"","publisher":{"@id":"https:\/\/lg.infomaniak.prodsolead.com\/#organization"},"potentialAction":[{"@type":"SearchAction","target":{"@type":"EntryPoint","urlTemplate":"https:\/\/lg.infomaniak.prodsolead.com\/?s={search_term_string}"},"query-input":{"@type":"PropertyValueSpecification","valueRequired":true,"valueName":"search_term_string"}}],"inLanguage":"en-GB"},{"@type":"Organization","@id":"https:\/\/lg.infomaniak.prodsolead.com\/#organization","name":"Laura Gonzalez","url":"https:\/\/lg.infomaniak.prodsolead.com\/","logo":{"@type":"ImageObject","inLanguage":"en-GB","@id":"https:\/\/lg.infomaniak.prodsolead.com\/#\/schema\/logo\/image\/","url":"","contentUrl":"","caption":"Laura Gonzalez"},"image":{"@id":"https:\/\/lg.infomaniak.prodsolead.com\/#\/schema\/logo\/image\/"}}]}},"df_price":"","df_sale_price":"","df_regular_price":"","df_image_link":"https:\/\/lg.infomaniak.prodsolead.com\/wp-content\/uploads\/2025\/09\/1-4-300x300.jpg","_links":{"self":[{"href":"https:\/\/lg.infomaniak.prodsolead.com\/en\/wp-json\/wp\/v2\/product\/12044","targetHints":{"allow":["GET"]}}],"collection":[{"href":"https:\/\/lg.infomaniak.prodsolead.com\/en\/wp-json\/wp\/v2\/product"}],"about":[{"href":"https:\/\/lg.infomaniak.prodsolead.com\/en\/wp-json\/wp\/v2\/types\/product"}],"replies":[{"embeddable":true,"href":"https:\/\/lg.infomaniak.prodsolead.com\/en\/wp-json\/wp\/v2\/comments?post=12044"}],"wp:featuredmedia":[{"embeddable":true,"href":"https:\/\/lg.infomaniak.prodsolead.com\/en\/wp-json\/wp\/v2\/media\/12050"}],"wp:attachment":[{"href":"https:\/\/lg.infomaniak.prodsolead.com\/en\/wp-json\/wp\/v2\/media?parent=12044"}],"wp:term":[{"taxonomy":"product_brand","embeddable":true,"href":"https:\/\/lg.infomaniak.prodsolead.com\/en\/wp-json\/wp\/v2\/product_brand?post=12044"},{"taxonomy":"product_cat","embeddable":true,"href":"https:\/\/lg.infomaniak.prodsolead.com\/en\/wp-json\/wp\/v2\/product_cat?post=12044"},{"taxonomy":"product_tag","embeddable":true,"href":"https:\/\/lg.infomaniak.prodsolead.com\/en\/wp-json\/wp\/v2\/product_tag?post=12044"}],"curies":[{"name":"wp","href":"https:\/\/api.w.org\/{rel}","templated":true}]}}