{"id":12535,"date":"2025-11-24T16:11:58","date_gmt":"2025-11-24T15:11:58","guid":{"rendered":"https:\/\/lg.infomaniak.prodsolead.com\/?post_type=product&#038;p=12535"},"modified":"2025-11-25T12:52:39","modified_gmt":"2025-11-25T11:52:39","slug":"chaise-mawu-gold-and-rose","status":"publish","type":"product","link":"https:\/\/lg.infomaniak.prodsolead.com\/en\/product\/chaise-mawu-gold-and-rose\/","title":{"rendered":"Mawu chair gold &amp; pink"},"content":{"rendered":"<article class=\"text-token-text-primary w-full focus:outline-none scroll-mt-[calc(var(--header-height)+min(200px,max(70px,20svh)))]\" dir=\"auto\" tabindex=\"-1\" data-turn-id=\"request-WEB:12778af3-a8a7-4c4b-af69-90fbeaf59e04-1\" data-testid=\"conversation-turn-4\" data-scroll-anchor=\"true\" data-turn=\"assistant\">\n<div class=\"text-base my-auto mx-auto pb-10 [--thread-content-margin:--spacing(4)] thread-sm:[--thread-content-margin:--spacing(6)] thread-lg:[--thread-content-margin:--spacing(16)] px-(--thread-content-margin)\">\n<div class=\"[--thread-content-max-width:40rem] thread-sm:[--thread-content-max-width:40rem] thread-lg:[--thread-content-max-width:48rem] mx-auto max-w-(--thread-content-max-width) flex-1 group\/turn-messages focus-visible:outline-hidden relative flex w-full min-w-0 flex-col agent-turn\" tabindex=\"-1\">\n<div class=\"flex max-w-full flex-col grow\">\n<div class=\"min-h-8 text-message relative flex w-full flex-col items-end gap-2 text-start break-words whitespace-normal [.text-message+&amp;]:mt-5\" dir=\"auto\" data-message-author-role=\"assistant\" data-message-id=\"61610400-3960-43ae-84d5-d9af3759cc22\" data-message-model-slug=\"gpt-5\">\n<div class=\"flex w-full flex-col gap-1 empty:hidden first:pt-[3px]\">\n<div class=\"markdown prose dark:prose-invert w-full break-words light markdown-new-styling\">\n<p data-start=\"0\" data-end=\"312\" data-is-last-node=\"\" data-is-only-node=\"\">The iconic Mawu chair, upholstered in fabric from the Laura Gonzalez x Schumacher collaboration, has a back and seat in golden oak satin wood. Its distinctive silhouette is enhanced by flared legs and spherical details on the finishes as well as under the seat.<\/p>\n<\/div>\n<\/div>\n<\/div>\n<\/div>\n<div class=\"flex min-h-[46px] justify-start\"><\/div>\n<div class=\"mt-3 w-full empty:hidden\">\n<div class=\"text-center\"><\/div>\n<\/div>\n<\/div>\n<\/div>\n<\/article>\n<div class=\"pointer-events-none h-px w-px\" aria-hidden=\"true\" data-edge=\"true\"><\/div>","protected":false},"excerpt":{"rendered":"<p>en bois satin\u00e9 ch\u00eane dor\u00e9.<\/p>\n<p>W 45 x D 52 x H 90 cm<\/p>","protected":false},"featured_media":12536,"comment_status":"open","ping_status":"closed","template":"","meta":{"_acf_changed":false,"_mo_disable_npp":"","inline_featured_image":false},"product_brand":[],"product_cat":[23,29],"product_tag":[],"class_list":{"0":"post-12535","1":"product","2":"type-product","3":"status-publish","4":"has-post-thumbnail","6":"product_cat-assises","7":"product_cat-chaises","9":"first","10":"instock","11":"shipping-taxable","12":"purchasable","13":"product-type-simple"},"acf":[],"yoast_head":"<!-- This site is optimized with the Yoast SEO plugin v26.8 - https:\/\/yoast.com\/product\/yoast-seo-wordpress\/ -->\n<title>Chaise Mawu Gold &amp; Rose - Laura Gonzalez<\/title>\n<meta name=\"robots\" content=\"index, follow, max-snippet:-1, max-image-preview:large, max-video-preview:-1\" \/>\n<link rel=\"canonical\" href=\"https:\/\/lg.infomaniak.prodsolead.com\/en\/product\/chaise-mawu-gold-and-rose\/\" \/>\n<meta property=\"og:locale\" content=\"en_GB\" \/>\n<meta property=\"og:type\" content=\"article\" \/>\n<meta property=\"og:title\" content=\"Chaise Mawu Gold &amp; Rose - Laura Gonzalez\" \/>\n<meta property=\"og:description\" content=\"en bois satin\u00e9 ch\u00eane dor\u00e9.  W 45 x D 52 x H 90 cm\" \/>\n<meta property=\"og:url\" content=\"https:\/\/lg.infomaniak.prodsolead.com\/en\/product\/chaise-mawu-gold-and-rose\/\" \/>\n<meta property=\"og:site_name\" content=\"Laura Gonzalez\" \/>\n<meta property=\"article:modified_time\" content=\"2025-11-25T11:52:39+00:00\" \/>\n<meta property=\"og:image\" content=\"https:\/\/lg.infomaniak.prodsolead.com\/wp-content\/uploads\/2025\/09\/GOLDANDROSE.jpg\" \/>\n\t<meta property=\"og:image:width\" content=\"1400\" \/>\n\t<meta property=\"og:image:height\" content=\"1400\" \/>\n\t<meta property=\"og:image:type\" content=\"image\/jpeg\" \/>\n<meta name=\"twitter:card\" content=\"summary_large_image\" \/>\n<meta name=\"twitter:label1\" content=\"Estimated reading time\" \/>\n\t<meta name=\"twitter:data1\" content=\"1 minute\" \/>\n<script type=\"application\/ld+json\" class=\"yoast-schema-graph\">{\"@context\":\"https:\/\/schema.org\",\"@graph\":[{\"@type\":\"WebPage\",\"@id\":\"https:\/\/lg.infomaniak.prodsolead.com\/product\/chaise-mawu-gold-and-rose\/\",\"url\":\"https:\/\/lg.infomaniak.prodsolead.com\/product\/chaise-mawu-gold-and-rose\/\",\"name\":\"Chaise Mawu Gold & Rose - Laura Gonzalez\",\"isPartOf\":{\"@id\":\"https:\/\/lg.infomaniak.prodsolead.com\/#website\"},\"primaryImageOfPage\":{\"@id\":\"https:\/\/lg.infomaniak.prodsolead.com\/product\/chaise-mawu-gold-and-rose\/#primaryimage\"},\"image\":{\"@id\":\"https:\/\/lg.infomaniak.prodsolead.com\/product\/chaise-mawu-gold-and-rose\/#primaryimage\"},\"thumbnailUrl\":\"https:\/\/lg.infomaniak.prodsolead.com\/wp-content\/uploads\/2025\/09\/GOLDANDROSE.jpg\",\"datePublished\":\"2025-11-24T15:11:58+00:00\",\"dateModified\":\"2025-11-25T11:52:39+00:00\",\"breadcrumb\":{\"@id\":\"https:\/\/lg.infomaniak.prodsolead.com\/product\/chaise-mawu-gold-and-rose\/#breadcrumb\"},\"inLanguage\":\"en-GB\",\"potentialAction\":[{\"@type\":\"ReadAction\",\"target\":[\"https:\/\/lg.infomaniak.prodsolead.com\/product\/chaise-mawu-gold-and-rose\/\"]}]},{\"@type\":\"ImageObject\",\"inLanguage\":\"en-GB\",\"@id\":\"https:\/\/lg.infomaniak.prodsolead.com\/product\/chaise-mawu-gold-and-rose\/#primaryimage\",\"url\":\"https:\/\/lg.infomaniak.prodsolead.com\/wp-content\/uploads\/2025\/09\/GOLDANDROSE.jpg\",\"contentUrl\":\"https:\/\/lg.infomaniak.prodsolead.com\/wp-content\/uploads\/2025\/09\/GOLDANDROSE.jpg\",\"width\":1400,\"height\":1400},{\"@type\":\"BreadcrumbList\",\"@id\":\"https:\/\/lg.infomaniak.prodsolead.com\/product\/chaise-mawu-gold-and-rose\/#breadcrumb\",\"itemListElement\":[{\"@type\":\"ListItem\",\"position\":1,\"name\":\"Collection\",\"item\":\"https:\/\/lg.infomaniak.prodsolead.com\/collection\/\"},{\"@type\":\"ListItem\",\"position\":2,\"name\":\"Assises\",\"item\":\"https:\/\/lg.infomaniak.prodsolead.com\/product-category\/assises\/\"},{\"@type\":\"ListItem\",\"position\":3,\"name\":\"Chaise Mawu Gold &#038; Rose\"}]},{\"@type\":\"WebSite\",\"@id\":\"https:\/\/lg.infomaniak.prodsolead.com\/#website\",\"url\":\"https:\/\/lg.infomaniak.prodsolead.com\/\",\"name\":\"Laura Gonzalez\",\"description\":\"\",\"publisher\":{\"@id\":\"https:\/\/lg.infomaniak.prodsolead.com\/#organization\"},\"potentialAction\":[{\"@type\":\"SearchAction\",\"target\":{\"@type\":\"EntryPoint\",\"urlTemplate\":\"https:\/\/lg.infomaniak.prodsolead.com\/?s={search_term_string}\"},\"query-input\":{\"@type\":\"PropertyValueSpecification\",\"valueRequired\":true,\"valueName\":\"search_term_string\"}}],\"inLanguage\":\"en-GB\"},{\"@type\":\"Organization\",\"@id\":\"https:\/\/lg.infomaniak.prodsolead.com\/#organization\",\"name\":\"Laura Gonzalez\",\"url\":\"https:\/\/lg.infomaniak.prodsolead.com\/\",\"logo\":{\"@type\":\"ImageObject\",\"inLanguage\":\"en-GB\",\"@id\":\"https:\/\/lg.infomaniak.prodsolead.com\/#\/schema\/logo\/image\/\",\"url\":\"\",\"contentUrl\":\"\",\"caption\":\"Laura Gonzalez\"},\"image\":{\"@id\":\"https:\/\/lg.infomaniak.prodsolead.com\/#\/schema\/logo\/image\/\"}}]}<\/script>\n<!-- \/ Yoast SEO plugin. -->","yoast_head_json":{"title":"Chaise Mawu Gold & Rose - Laura Gonzalez","robots":{"index":"index","follow":"follow","max-snippet":"max-snippet:-1","max-image-preview":"max-image-preview:large","max-video-preview":"max-video-preview:-1"},"canonical":"https:\/\/lg.infomaniak.prodsolead.com\/en\/product\/chaise-mawu-gold-and-rose\/","og_locale":"en_GB","og_type":"article","og_title":"Chaise Mawu Gold & Rose - Laura Gonzalez","og_description":"en bois satin\u00e9 ch\u00eane dor\u00e9.  W 45 x D 52 x H 90 cm","og_url":"https:\/\/lg.infomaniak.prodsolead.com\/en\/product\/chaise-mawu-gold-and-rose\/","og_site_name":"Laura Gonzalez","article_modified_time":"2025-11-25T11:52:39+00:00","og_image":[{"width":1400,"height":1400,"url":"https:\/\/lg.infomaniak.prodsolead.com\/wp-content\/uploads\/2025\/09\/GOLDANDROSE.jpg","type":"image\/jpeg"}],"twitter_card":"summary_large_image","twitter_misc":{"Estimated reading time":"1 minute"},"schema":{"@context":"https:\/\/schema.org","@graph":[{"@type":"WebPage","@id":"https:\/\/lg.infomaniak.prodsolead.com\/product\/chaise-mawu-gold-and-rose\/","url":"https:\/\/lg.infomaniak.prodsolead.com\/product\/chaise-mawu-gold-and-rose\/","name":"Chaise Mawu Gold & Rose - Laura Gonzalez","isPartOf":{"@id":"https:\/\/lg.infomaniak.prodsolead.com\/#website"},"primaryImageOfPage":{"@id":"https:\/\/lg.infomaniak.prodsolead.com\/product\/chaise-mawu-gold-and-rose\/#primaryimage"},"image":{"@id":"https:\/\/lg.infomaniak.prodsolead.com\/product\/chaise-mawu-gold-and-rose\/#primaryimage"},"thumbnailUrl":"https:\/\/lg.infomaniak.prodsolead.com\/wp-content\/uploads\/2025\/09\/GOLDANDROSE.jpg","datePublished":"2025-11-24T15:11:58+00:00","dateModified":"2025-11-25T11:52:39+00:00","breadcrumb":{"@id":"https:\/\/lg.infomaniak.prodsolead.com\/product\/chaise-mawu-gold-and-rose\/#breadcrumb"},"inLanguage":"en-GB","potentialAction":[{"@type":"ReadAction","target":["https:\/\/lg.infomaniak.prodsolead.com\/product\/chaise-mawu-gold-and-rose\/"]}]},{"@type":"ImageObject","inLanguage":"en-GB","@id":"https:\/\/lg.infomaniak.prodsolead.com\/product\/chaise-mawu-gold-and-rose\/#primaryimage","url":"https:\/\/lg.infomaniak.prodsolead.com\/wp-content\/uploads\/2025\/09\/GOLDANDROSE.jpg","contentUrl":"https:\/\/lg.infomaniak.prodsolead.com\/wp-content\/uploads\/2025\/09\/GOLDANDROSE.jpg","width":1400,"height":1400},{"@type":"BreadcrumbList","@id":"https:\/\/lg.infomaniak.prodsolead.com\/product\/chaise-mawu-gold-and-rose\/#breadcrumb","itemListElement":[{"@type":"ListItem","position":1,"name":"Collection","item":"https:\/\/lg.infomaniak.prodsolead.com\/collection\/"},{"@type":"ListItem","position":2,"name":"Assises","item":"https:\/\/lg.infomaniak.prodsolead.com\/product-category\/assises\/"},{"@type":"ListItem","position":3,"name":"Chaise Mawu Gold &#038; Rose"}]},{"@type":"WebSite","@id":"https:\/\/lg.infomaniak.prodsolead.com\/#website","url":"https:\/\/lg.infomaniak.prodsolead.com\/","name":"Laura Gonzalez","description":"","publisher":{"@id":"https:\/\/lg.infomaniak.prodsolead.com\/#organization"},"potentialAction":[{"@type":"SearchAction","target":{"@type":"EntryPoint","urlTemplate":"https:\/\/lg.infomaniak.prodsolead.com\/?s={search_term_string}"},"query-input":{"@type":"PropertyValueSpecification","valueRequired":true,"valueName":"search_term_string"}}],"inLanguage":"en-GB"},{"@type":"Organization","@id":"https:\/\/lg.infomaniak.prodsolead.com\/#organization","name":"Laura Gonzalez","url":"https:\/\/lg.infomaniak.prodsolead.com\/","logo":{"@type":"ImageObject","inLanguage":"en-GB","@id":"https:\/\/lg.infomaniak.prodsolead.com\/#\/schema\/logo\/image\/","url":"","contentUrl":"","caption":"Laura Gonzalez"},"image":{"@id":"https:\/\/lg.infomaniak.prodsolead.com\/#\/schema\/logo\/image\/"}}]}},"df_price":"","df_sale_price":"","df_regular_price":"","df_image_link":"https:\/\/lg.infomaniak.prodsolead.com\/wp-content\/uploads\/2025\/09\/GOLDANDROSE-300x300.jpg","_links":{"self":[{"href":"https:\/\/lg.infomaniak.prodsolead.com\/en\/wp-json\/wp\/v2\/product\/12535","targetHints":{"allow":["GET"]}}],"collection":[{"href":"https:\/\/lg.infomaniak.prodsolead.com\/en\/wp-json\/wp\/v2\/product"}],"about":[{"href":"https:\/\/lg.infomaniak.prodsolead.com\/en\/wp-json\/wp\/v2\/types\/product"}],"replies":[{"embeddable":true,"href":"https:\/\/lg.infomaniak.prodsolead.com\/en\/wp-json\/wp\/v2\/comments?post=12535"}],"wp:featuredmedia":[{"embeddable":true,"href":"https:\/\/lg.infomaniak.prodsolead.com\/en\/wp-json\/wp\/v2\/media\/12536"}],"wp:attachment":[{"href":"https:\/\/lg.infomaniak.prodsolead.com\/en\/wp-json\/wp\/v2\/media?parent=12535"}],"wp:term":[{"taxonomy":"product_brand","embeddable":true,"href":"https:\/\/lg.infomaniak.prodsolead.com\/en\/wp-json\/wp\/v2\/product_brand?post=12535"},{"taxonomy":"product_cat","embeddable":true,"href":"https:\/\/lg.infomaniak.prodsolead.com\/en\/wp-json\/wp\/v2\/product_cat?post=12535"},{"taxonomy":"product_tag","embeddable":true,"href":"https:\/\/lg.infomaniak.prodsolead.com\/en\/wp-json\/wp\/v2\/product_tag?post=12535"}],"curies":[{"name":"wp","href":"https:\/\/api.w.org\/{rel}","templated":true}]}}