{"id":12769,"date":"2025-09-24T17:16:25","date_gmt":"2025-09-24T15:16:25","guid":{"rendered":"https:\/\/lg.infomaniak.prodsolead.com\/?post_type=product&#038;p=12769"},"modified":"2025-09-24T17:18:38","modified_gmt":"2025-09-24T15:18:38","slug":"acropora-rose-pastel","status":"publish","type":"product","link":"https:\/\/lg.infomaniak.prodsolead.com\/en\/product\/acropora-rose-pastel\/","title":{"rendered":"Acropora Rose Pastel"},"content":{"rendered":"<p>Bougeoir en fa\u00efence, sculpt\u00e9s \u00e0 la main \u00e0 partir de mati\u00e8res premi\u00e8res et \u00e9maill\u00e9s en gr\u00e8s. Inspir\u00e9es par les coraux et les coquillages, leurs formes organiques transforment des objets fonctionnels en v\u00e9ritables \u0153uvres d\u2019art.<\/p>","protected":false},"excerpt":{"rendered":"<p>Bougeoir en fa\u00efence. D 15 x D 25 x H 35 cm<\/p>","protected":false},"featured_media":12770,"comment_status":"open","ping_status":"closed","template":"","meta":{"_acf_changed":false,"_mo_disable_npp":"","inline_featured_image":false},"product_brand":[],"product_cat":[42,43,26,50],"product_tag":[],"class_list":{"0":"post-12769","1":"product","2":"type-product","3":"status-publish","4":"has-post-thumbnail","6":"product_cat-bougeoirs","7":"product_cat-ceramiques","8":"product_cat-objets","9":"product_cat-objets-dexception","11":"first","12":"instock","13":"shipping-taxable","14":"purchasable","15":"product-type-simple"},"acf":[],"yoast_head":"<!-- This site is optimized with the Yoast SEO plugin v26.8 - https:\/\/yoast.com\/product\/yoast-seo-wordpress\/ -->\n<title>Acropora Rose Pastel - Laura Gonzalez<\/title>\n<meta name=\"robots\" content=\"index, follow, max-snippet:-1, max-image-preview:large, max-video-preview:-1\" \/>\n<link rel=\"canonical\" href=\"https:\/\/lg.infomaniak.prodsolead.com\/en\/product\/acropora-rose-pastel\/\" \/>\n<meta property=\"og:locale\" content=\"en_GB\" \/>\n<meta property=\"og:type\" content=\"article\" \/>\n<meta property=\"og:title\" content=\"Acropora Rose Pastel - Laura Gonzalez\" \/>\n<meta property=\"og:description\" content=\"Bougeoir en fa\u00efence. D 15 x D 25 x H 35 cm\" \/>\n<meta property=\"og:url\" content=\"https:\/\/lg.infomaniak.prodsolead.com\/en\/product\/acropora-rose-pastel\/\" \/>\n<meta property=\"og:site_name\" content=\"Laura Gonzalez\" \/>\n<meta property=\"article:modified_time\" content=\"2025-09-24T15:18:38+00:00\" \/>\n<meta property=\"og:image\" content=\"https:\/\/lg.infomaniak.prodsolead.com\/wp-content\/uploads\/2025\/09\/1-43.jpg\" \/>\n\t<meta property=\"og:image:width\" content=\"1400\" \/>\n\t<meta property=\"og:image:height\" content=\"1400\" \/>\n\t<meta property=\"og:image:type\" content=\"image\/jpeg\" \/>\n<meta name=\"twitter:card\" content=\"summary_large_image\" \/>\n<meta name=\"twitter:label1\" content=\"Estimated reading time\" \/>\n\t<meta name=\"twitter:data1\" content=\"1 minute\" \/>\n<script type=\"application\/ld+json\" class=\"yoast-schema-graph\">{\"@context\":\"https:\/\/schema.org\",\"@graph\":[{\"@type\":\"WebPage\",\"@id\":\"https:\/\/lg.infomaniak.prodsolead.com\/product\/acropora-rose-pastel\/\",\"url\":\"https:\/\/lg.infomaniak.prodsolead.com\/product\/acropora-rose-pastel\/\",\"name\":\"Acropora Rose Pastel - Laura Gonzalez\",\"isPartOf\":{\"@id\":\"https:\/\/lg.infomaniak.prodsolead.com\/#website\"},\"primaryImageOfPage\":{\"@id\":\"https:\/\/lg.infomaniak.prodsolead.com\/product\/acropora-rose-pastel\/#primaryimage\"},\"image\":{\"@id\":\"https:\/\/lg.infomaniak.prodsolead.com\/product\/acropora-rose-pastel\/#primaryimage\"},\"thumbnailUrl\":\"https:\/\/lg.infomaniak.prodsolead.com\/wp-content\/uploads\/2025\/09\/1-43.jpg\",\"datePublished\":\"2025-09-24T15:16:25+00:00\",\"dateModified\":\"2025-09-24T15:18:38+00:00\",\"breadcrumb\":{\"@id\":\"https:\/\/lg.infomaniak.prodsolead.com\/product\/acropora-rose-pastel\/#breadcrumb\"},\"inLanguage\":\"en-GB\",\"potentialAction\":[{\"@type\":\"ReadAction\",\"target\":[\"https:\/\/lg.infomaniak.prodsolead.com\/product\/acropora-rose-pastel\/\"]}]},{\"@type\":\"ImageObject\",\"inLanguage\":\"en-GB\",\"@id\":\"https:\/\/lg.infomaniak.prodsolead.com\/product\/acropora-rose-pastel\/#primaryimage\",\"url\":\"https:\/\/lg.infomaniak.prodsolead.com\/wp-content\/uploads\/2025\/09\/1-43.jpg\",\"contentUrl\":\"https:\/\/lg.infomaniak.prodsolead.com\/wp-content\/uploads\/2025\/09\/1-43.jpg\",\"width\":1400,\"height\":1400},{\"@type\":\"BreadcrumbList\",\"@id\":\"https:\/\/lg.infomaniak.prodsolead.com\/product\/acropora-rose-pastel\/#breadcrumb\",\"itemListElement\":[{\"@type\":\"ListItem\",\"position\":1,\"name\":\"Collection\",\"item\":\"https:\/\/lg.infomaniak.prodsolead.com\/collection\/\"},{\"@type\":\"ListItem\",\"position\":2,\"name\":\"Mobiliers d'exception\",\"item\":\"https:\/\/lg.infomaniak.prodsolead.com\/product-category\/mobiliers-dexception\/\"},{\"@type\":\"ListItem\",\"position\":3,\"name\":\"Objets\",\"item\":\"https:\/\/lg.infomaniak.prodsolead.com\/product-category\/mobiliers-dexception\/objets-dexception\/\"},{\"@type\":\"ListItem\",\"position\":4,\"name\":\"Acropora Rose Pastel\"}]},{\"@type\":\"WebSite\",\"@id\":\"https:\/\/lg.infomaniak.prodsolead.com\/#website\",\"url\":\"https:\/\/lg.infomaniak.prodsolead.com\/\",\"name\":\"Laura Gonzalez\",\"description\":\"\",\"publisher\":{\"@id\":\"https:\/\/lg.infomaniak.prodsolead.com\/#organization\"},\"potentialAction\":[{\"@type\":\"SearchAction\",\"target\":{\"@type\":\"EntryPoint\",\"urlTemplate\":\"https:\/\/lg.infomaniak.prodsolead.com\/?s={search_term_string}\"},\"query-input\":{\"@type\":\"PropertyValueSpecification\",\"valueRequired\":true,\"valueName\":\"search_term_string\"}}],\"inLanguage\":\"en-GB\"},{\"@type\":\"Organization\",\"@id\":\"https:\/\/lg.infomaniak.prodsolead.com\/#organization\",\"name\":\"Laura Gonzalez\",\"url\":\"https:\/\/lg.infomaniak.prodsolead.com\/\",\"logo\":{\"@type\":\"ImageObject\",\"inLanguage\":\"en-GB\",\"@id\":\"https:\/\/lg.infomaniak.prodsolead.com\/#\/schema\/logo\/image\/\",\"url\":\"\",\"contentUrl\":\"\",\"caption\":\"Laura Gonzalez\"},\"image\":{\"@id\":\"https:\/\/lg.infomaniak.prodsolead.com\/#\/schema\/logo\/image\/\"}}]}<\/script>\n<!-- \/ Yoast SEO plugin. -->","yoast_head_json":{"title":"Acropora Rose Pastel - Laura Gonzalez","robots":{"index":"index","follow":"follow","max-snippet":"max-snippet:-1","max-image-preview":"max-image-preview:large","max-video-preview":"max-video-preview:-1"},"canonical":"https:\/\/lg.infomaniak.prodsolead.com\/en\/product\/acropora-rose-pastel\/","og_locale":"en_GB","og_type":"article","og_title":"Acropora Rose Pastel - Laura Gonzalez","og_description":"Bougeoir en fa\u00efence. D 15 x D 25 x H 35 cm","og_url":"https:\/\/lg.infomaniak.prodsolead.com\/en\/product\/acropora-rose-pastel\/","og_site_name":"Laura Gonzalez","article_modified_time":"2025-09-24T15:18:38+00:00","og_image":[{"width":1400,"height":1400,"url":"https:\/\/lg.infomaniak.prodsolead.com\/wp-content\/uploads\/2025\/09\/1-43.jpg","type":"image\/jpeg"}],"twitter_card":"summary_large_image","twitter_misc":{"Estimated reading time":"1 minute"},"schema":{"@context":"https:\/\/schema.org","@graph":[{"@type":"WebPage","@id":"https:\/\/lg.infomaniak.prodsolead.com\/product\/acropora-rose-pastel\/","url":"https:\/\/lg.infomaniak.prodsolead.com\/product\/acropora-rose-pastel\/","name":"Acropora Rose Pastel - Laura Gonzalez","isPartOf":{"@id":"https:\/\/lg.infomaniak.prodsolead.com\/#website"},"primaryImageOfPage":{"@id":"https:\/\/lg.infomaniak.prodsolead.com\/product\/acropora-rose-pastel\/#primaryimage"},"image":{"@id":"https:\/\/lg.infomaniak.prodsolead.com\/product\/acropora-rose-pastel\/#primaryimage"},"thumbnailUrl":"https:\/\/lg.infomaniak.prodsolead.com\/wp-content\/uploads\/2025\/09\/1-43.jpg","datePublished":"2025-09-24T15:16:25+00:00","dateModified":"2025-09-24T15:18:38+00:00","breadcrumb":{"@id":"https:\/\/lg.infomaniak.prodsolead.com\/product\/acropora-rose-pastel\/#breadcrumb"},"inLanguage":"en-GB","potentialAction":[{"@type":"ReadAction","target":["https:\/\/lg.infomaniak.prodsolead.com\/product\/acropora-rose-pastel\/"]}]},{"@type":"ImageObject","inLanguage":"en-GB","@id":"https:\/\/lg.infomaniak.prodsolead.com\/product\/acropora-rose-pastel\/#primaryimage","url":"https:\/\/lg.infomaniak.prodsolead.com\/wp-content\/uploads\/2025\/09\/1-43.jpg","contentUrl":"https:\/\/lg.infomaniak.prodsolead.com\/wp-content\/uploads\/2025\/09\/1-43.jpg","width":1400,"height":1400},{"@type":"BreadcrumbList","@id":"https:\/\/lg.infomaniak.prodsolead.com\/product\/acropora-rose-pastel\/#breadcrumb","itemListElement":[{"@type":"ListItem","position":1,"name":"Collection","item":"https:\/\/lg.infomaniak.prodsolead.com\/collection\/"},{"@type":"ListItem","position":2,"name":"Mobiliers d'exception","item":"https:\/\/lg.infomaniak.prodsolead.com\/product-category\/mobiliers-dexception\/"},{"@type":"ListItem","position":3,"name":"Objets","item":"https:\/\/lg.infomaniak.prodsolead.com\/product-category\/mobiliers-dexception\/objets-dexception\/"},{"@type":"ListItem","position":4,"name":"Acropora Rose Pastel"}]},{"@type":"WebSite","@id":"https:\/\/lg.infomaniak.prodsolead.com\/#website","url":"https:\/\/lg.infomaniak.prodsolead.com\/","name":"Laura Gonzalez","description":"","publisher":{"@id":"https:\/\/lg.infomaniak.prodsolead.com\/#organization"},"potentialAction":[{"@type":"SearchAction","target":{"@type":"EntryPoint","urlTemplate":"https:\/\/lg.infomaniak.prodsolead.com\/?s={search_term_string}"},"query-input":{"@type":"PropertyValueSpecification","valueRequired":true,"valueName":"search_term_string"}}],"inLanguage":"en-GB"},{"@type":"Organization","@id":"https:\/\/lg.infomaniak.prodsolead.com\/#organization","name":"Laura Gonzalez","url":"https:\/\/lg.infomaniak.prodsolead.com\/","logo":{"@type":"ImageObject","inLanguage":"en-GB","@id":"https:\/\/lg.infomaniak.prodsolead.com\/#\/schema\/logo\/image\/","url":"","contentUrl":"","caption":"Laura Gonzalez"},"image":{"@id":"https:\/\/lg.infomaniak.prodsolead.com\/#\/schema\/logo\/image\/"}}]}},"df_price":"","df_sale_price":"","df_regular_price":"","df_image_link":"https:\/\/lg.infomaniak.prodsolead.com\/wp-content\/uploads\/2025\/09\/1-43-300x300.jpg","_links":{"self":[{"href":"https:\/\/lg.infomaniak.prodsolead.com\/en\/wp-json\/wp\/v2\/product\/12769","targetHints":{"allow":["GET"]}}],"collection":[{"href":"https:\/\/lg.infomaniak.prodsolead.com\/en\/wp-json\/wp\/v2\/product"}],"about":[{"href":"https:\/\/lg.infomaniak.prodsolead.com\/en\/wp-json\/wp\/v2\/types\/product"}],"replies":[{"embeddable":true,"href":"https:\/\/lg.infomaniak.prodsolead.com\/en\/wp-json\/wp\/v2\/comments?post=12769"}],"wp:featuredmedia":[{"embeddable":true,"href":"https:\/\/lg.infomaniak.prodsolead.com\/en\/wp-json\/wp\/v2\/media\/12770"}],"wp:attachment":[{"href":"https:\/\/lg.infomaniak.prodsolead.com\/en\/wp-json\/wp\/v2\/media?parent=12769"}],"wp:term":[{"taxonomy":"product_brand","embeddable":true,"href":"https:\/\/lg.infomaniak.prodsolead.com\/en\/wp-json\/wp\/v2\/product_brand?post=12769"},{"taxonomy":"product_cat","embeddable":true,"href":"https:\/\/lg.infomaniak.prodsolead.com\/en\/wp-json\/wp\/v2\/product_cat?post=12769"},{"taxonomy":"product_tag","embeddable":true,"href":"https:\/\/lg.infomaniak.prodsolead.com\/en\/wp-json\/wp\/v2\/product_tag?post=12769"}],"curies":[{"name":"wp","href":"https:\/\/api.w.org\/{rel}","templated":true}]}}