{"id":3473,"date":"2024-03-13T12:19:00","date_gmt":"2024-03-13T11:19:00","guid":{"rendered":"https:\/\/lg.infomaniak.prodsolead.com\/?post_type=product&#038;p=3473"},"modified":"2025-04-15T10:11:11","modified_gmt":"2025-04-15T08:11:11","slug":"fauteuil-madras-tortoise","status":"publish","type":"product","link":"https:\/\/lg.infomaniak.prodsolead.com\/en\/product\/fauteuil-madras-tortoise\/","title":{"rendered":"Madras Tortoise Armchair"},"content":{"rendered":"<p>Madras armchair in high-gloss lacquer with imitation tortoiseshell motif. This flagship chair in our collection is inspired by the Punjabi wedding chairs used as thrones during celebrations in India and Pakistan. This exceptional model is finished in high-gloss lacquer, with a seat covered in floral fabric.<\/p>","protected":false},"excerpt":{"rendered":"<p>Ch\u00eane dor\u00e9, finition satin\u00e9.<br \/>\nW 65 x D 65 x H 87 cm<\/p>","protected":false},"featured_media":6163,"comment_status":"open","ping_status":"closed","template":"","meta":{"_acf_changed":false,"_mo_disable_npp":"","inline_featured_image":false},"product_brand":[],"product_cat":[23,31],"product_tag":[64],"class_list":{"0":"post-3473","1":"product","2":"type-product","3":"status-publish","4":"has-post-thumbnail","6":"product_cat-assises","7":"product_cat-fauteuils","8":"product_tag-scenographie-i","10":"first","11":"instock","12":"shipping-taxable","13":"purchasable","14":"product-type-simple"},"acf":[],"yoast_head":"<!-- This site is optimized with the Yoast SEO plugin v26.8 - https:\/\/yoast.com\/product\/yoast-seo-wordpress\/ -->\n<title>Fauteuil Madras Tortoise - Laura Gonzalez<\/title>\n<meta name=\"robots\" content=\"index, follow, max-snippet:-1, max-image-preview:large, max-video-preview:-1\" \/>\n<link rel=\"canonical\" href=\"https:\/\/lg.infomaniak.prodsolead.com\/en\/product\/fauteuil-madras-tortoise\/\" \/>\n<meta property=\"og:locale\" content=\"en_GB\" \/>\n<meta property=\"og:type\" content=\"article\" \/>\n<meta property=\"og:title\" content=\"Fauteuil Madras Tortoise - Laura Gonzalez\" \/>\n<meta property=\"og:description\" content=\"Ch\u00eane dor\u00e9, finition satin\u00e9. W 65 x D 65 x H 87 cm\" \/>\n<meta property=\"og:url\" content=\"https:\/\/lg.infomaniak.prodsolead.com\/en\/product\/fauteuil-madras-tortoise\/\" \/>\n<meta property=\"og:site_name\" content=\"Laura Gonzalez\" \/>\n<meta property=\"article:modified_time\" content=\"2025-04-15T08:11:11+00:00\" \/>\n<meta property=\"og:image\" content=\"https:\/\/lg.infomaniak.prodsolead.com\/wp-content\/uploads\/2024\/03\/01.-Madras-copie-2-1024x1024.jpg\" \/>\n\t<meta property=\"og:image:width\" content=\"1024\" \/>\n\t<meta property=\"og:image:height\" content=\"1024\" \/>\n\t<meta property=\"og:image:type\" content=\"image\/jpeg\" \/>\n<meta name=\"twitter:card\" content=\"summary_large_image\" \/>\n<meta name=\"twitter:label1\" content=\"Estimated reading time\" \/>\n\t<meta name=\"twitter:data1\" content=\"1 minute\" \/>\n<script type=\"application\/ld+json\" class=\"yoast-schema-graph\">{\"@context\":\"https:\/\/schema.org\",\"@graph\":[{\"@type\":\"WebPage\",\"@id\":\"https:\/\/lg.infomaniak.prodsolead.com\/product\/fauteuil-madras-tortoise\/\",\"url\":\"https:\/\/lg.infomaniak.prodsolead.com\/product\/fauteuil-madras-tortoise\/\",\"name\":\"Fauteuil Madras Tortoise - Laura Gonzalez\",\"isPartOf\":{\"@id\":\"https:\/\/lg.infomaniak.prodsolead.com\/#website\"},\"primaryImageOfPage\":{\"@id\":\"https:\/\/lg.infomaniak.prodsolead.com\/product\/fauteuil-madras-tortoise\/#primaryimage\"},\"image\":{\"@id\":\"https:\/\/lg.infomaniak.prodsolead.com\/product\/fauteuil-madras-tortoise\/#primaryimage\"},\"thumbnailUrl\":\"https:\/\/lg.infomaniak.prodsolead.com\/wp-content\/uploads\/2024\/03\/01.-Madras-copie-2.jpg\",\"datePublished\":\"2024-03-13T11:19:00+00:00\",\"dateModified\":\"2025-04-15T08:11:11+00:00\",\"breadcrumb\":{\"@id\":\"https:\/\/lg.infomaniak.prodsolead.com\/product\/fauteuil-madras-tortoise\/#breadcrumb\"},\"inLanguage\":\"en-GB\",\"potentialAction\":[{\"@type\":\"ReadAction\",\"target\":[\"https:\/\/lg.infomaniak.prodsolead.com\/product\/fauteuil-madras-tortoise\/\"]}]},{\"@type\":\"ImageObject\",\"inLanguage\":\"en-GB\",\"@id\":\"https:\/\/lg.infomaniak.prodsolead.com\/product\/fauteuil-madras-tortoise\/#primaryimage\",\"url\":\"https:\/\/lg.infomaniak.prodsolead.com\/wp-content\/uploads\/2024\/03\/01.-Madras-copie-2.jpg\",\"contentUrl\":\"https:\/\/lg.infomaniak.prodsolead.com\/wp-content\/uploads\/2024\/03\/01.-Madras-copie-2.jpg\",\"width\":1654,\"height\":1654},{\"@type\":\"BreadcrumbList\",\"@id\":\"https:\/\/lg.infomaniak.prodsolead.com\/product\/fauteuil-madras-tortoise\/#breadcrumb\",\"itemListElement\":[{\"@type\":\"ListItem\",\"position\":1,\"name\":\"Collection\",\"item\":\"https:\/\/lg.infomaniak.prodsolead.com\/collection\/\"},{\"@type\":\"ListItem\",\"position\":2,\"name\":\"Assises\",\"item\":\"https:\/\/lg.infomaniak.prodsolead.com\/product-category\/assises\/\"},{\"@type\":\"ListItem\",\"position\":3,\"name\":\"Fauteuil Madras Tortoise\"}]},{\"@type\":\"WebSite\",\"@id\":\"https:\/\/lg.infomaniak.prodsolead.com\/#website\",\"url\":\"https:\/\/lg.infomaniak.prodsolead.com\/\",\"name\":\"Laura Gonzalez\",\"description\":\"\",\"publisher\":{\"@id\":\"https:\/\/lg.infomaniak.prodsolead.com\/#organization\"},\"potentialAction\":[{\"@type\":\"SearchAction\",\"target\":{\"@type\":\"EntryPoint\",\"urlTemplate\":\"https:\/\/lg.infomaniak.prodsolead.com\/?s={search_term_string}\"},\"query-input\":{\"@type\":\"PropertyValueSpecification\",\"valueRequired\":true,\"valueName\":\"search_term_string\"}}],\"inLanguage\":\"en-GB\"},{\"@type\":\"Organization\",\"@id\":\"https:\/\/lg.infomaniak.prodsolead.com\/#organization\",\"name\":\"Laura Gonzalez\",\"url\":\"https:\/\/lg.infomaniak.prodsolead.com\/\",\"logo\":{\"@type\":\"ImageObject\",\"inLanguage\":\"en-GB\",\"@id\":\"https:\/\/lg.infomaniak.prodsolead.com\/#\/schema\/logo\/image\/\",\"url\":\"\",\"contentUrl\":\"\",\"caption\":\"Laura Gonzalez\"},\"image\":{\"@id\":\"https:\/\/lg.infomaniak.prodsolead.com\/#\/schema\/logo\/image\/\"}}]}<\/script>\n<!-- \/ Yoast SEO plugin. -->","yoast_head_json":{"title":"Fauteuil Madras Tortoise - Laura Gonzalez","robots":{"index":"index","follow":"follow","max-snippet":"max-snippet:-1","max-image-preview":"max-image-preview:large","max-video-preview":"max-video-preview:-1"},"canonical":"https:\/\/lg.infomaniak.prodsolead.com\/en\/product\/fauteuil-madras-tortoise\/","og_locale":"en_GB","og_type":"article","og_title":"Fauteuil Madras Tortoise - Laura Gonzalez","og_description":"Ch\u00eane dor\u00e9, finition satin\u00e9. W 65 x D 65 x H 87 cm","og_url":"https:\/\/lg.infomaniak.prodsolead.com\/en\/product\/fauteuil-madras-tortoise\/","og_site_name":"Laura Gonzalez","article_modified_time":"2025-04-15T08:11:11+00:00","og_image":[{"width":1024,"height":1024,"url":"https:\/\/lg.infomaniak.prodsolead.com\/wp-content\/uploads\/2024\/03\/01.-Madras-copie-2-1024x1024.jpg","type":"image\/jpeg"}],"twitter_card":"summary_large_image","twitter_misc":{"Estimated reading time":"1 minute"},"schema":{"@context":"https:\/\/schema.org","@graph":[{"@type":"WebPage","@id":"https:\/\/lg.infomaniak.prodsolead.com\/product\/fauteuil-madras-tortoise\/","url":"https:\/\/lg.infomaniak.prodsolead.com\/product\/fauteuil-madras-tortoise\/","name":"Fauteuil Madras Tortoise - Laura Gonzalez","isPartOf":{"@id":"https:\/\/lg.infomaniak.prodsolead.com\/#website"},"primaryImageOfPage":{"@id":"https:\/\/lg.infomaniak.prodsolead.com\/product\/fauteuil-madras-tortoise\/#primaryimage"},"image":{"@id":"https:\/\/lg.infomaniak.prodsolead.com\/product\/fauteuil-madras-tortoise\/#primaryimage"},"thumbnailUrl":"https:\/\/lg.infomaniak.prodsolead.com\/wp-content\/uploads\/2024\/03\/01.-Madras-copie-2.jpg","datePublished":"2024-03-13T11:19:00+00:00","dateModified":"2025-04-15T08:11:11+00:00","breadcrumb":{"@id":"https:\/\/lg.infomaniak.prodsolead.com\/product\/fauteuil-madras-tortoise\/#breadcrumb"},"inLanguage":"en-GB","potentialAction":[{"@type":"ReadAction","target":["https:\/\/lg.infomaniak.prodsolead.com\/product\/fauteuil-madras-tortoise\/"]}]},{"@type":"ImageObject","inLanguage":"en-GB","@id":"https:\/\/lg.infomaniak.prodsolead.com\/product\/fauteuil-madras-tortoise\/#primaryimage","url":"https:\/\/lg.infomaniak.prodsolead.com\/wp-content\/uploads\/2024\/03\/01.-Madras-copie-2.jpg","contentUrl":"https:\/\/lg.infomaniak.prodsolead.com\/wp-content\/uploads\/2024\/03\/01.-Madras-copie-2.jpg","width":1654,"height":1654},{"@type":"BreadcrumbList","@id":"https:\/\/lg.infomaniak.prodsolead.com\/product\/fauteuil-madras-tortoise\/#breadcrumb","itemListElement":[{"@type":"ListItem","position":1,"name":"Collection","item":"https:\/\/lg.infomaniak.prodsolead.com\/collection\/"},{"@type":"ListItem","position":2,"name":"Assises","item":"https:\/\/lg.infomaniak.prodsolead.com\/product-category\/assises\/"},{"@type":"ListItem","position":3,"name":"Fauteuil Madras Tortoise"}]},{"@type":"WebSite","@id":"https:\/\/lg.infomaniak.prodsolead.com\/#website","url":"https:\/\/lg.infomaniak.prodsolead.com\/","name":"Laura Gonzalez","description":"","publisher":{"@id":"https:\/\/lg.infomaniak.prodsolead.com\/#organization"},"potentialAction":[{"@type":"SearchAction","target":{"@type":"EntryPoint","urlTemplate":"https:\/\/lg.infomaniak.prodsolead.com\/?s={search_term_string}"},"query-input":{"@type":"PropertyValueSpecification","valueRequired":true,"valueName":"search_term_string"}}],"inLanguage":"en-GB"},{"@type":"Organization","@id":"https:\/\/lg.infomaniak.prodsolead.com\/#organization","name":"Laura Gonzalez","url":"https:\/\/lg.infomaniak.prodsolead.com\/","logo":{"@type":"ImageObject","inLanguage":"en-GB","@id":"https:\/\/lg.infomaniak.prodsolead.com\/#\/schema\/logo\/image\/","url":"","contentUrl":"","caption":"Laura Gonzalez"},"image":{"@id":"https:\/\/lg.infomaniak.prodsolead.com\/#\/schema\/logo\/image\/"}}]}},"df_price":"","df_sale_price":"","df_regular_price":"","df_image_link":"https:\/\/lg.infomaniak.prodsolead.com\/wp-content\/uploads\/2024\/03\/01.-Madras-copie-2-300x300.jpg","_links":{"self":[{"href":"https:\/\/lg.infomaniak.prodsolead.com\/en\/wp-json\/wp\/v2\/product\/3473","targetHints":{"allow":["GET"]}}],"collection":[{"href":"https:\/\/lg.infomaniak.prodsolead.com\/en\/wp-json\/wp\/v2\/product"}],"about":[{"href":"https:\/\/lg.infomaniak.prodsolead.com\/en\/wp-json\/wp\/v2\/types\/product"}],"replies":[{"embeddable":true,"href":"https:\/\/lg.infomaniak.prodsolead.com\/en\/wp-json\/wp\/v2\/comments?post=3473"}],"wp:featuredmedia":[{"embeddable":true,"href":"https:\/\/lg.infomaniak.prodsolead.com\/en\/wp-json\/wp\/v2\/media\/6163"}],"wp:attachment":[{"href":"https:\/\/lg.infomaniak.prodsolead.com\/en\/wp-json\/wp\/v2\/media?parent=3473"}],"wp:term":[{"taxonomy":"product_brand","embeddable":true,"href":"https:\/\/lg.infomaniak.prodsolead.com\/en\/wp-json\/wp\/v2\/product_brand?post=3473"},{"taxonomy":"product_cat","embeddable":true,"href":"https:\/\/lg.infomaniak.prodsolead.com\/en\/wp-json\/wp\/v2\/product_cat?post=3473"},{"taxonomy":"product_tag","embeddable":true,"href":"https:\/\/lg.infomaniak.prodsolead.com\/en\/wp-json\/wp\/v2\/product_tag?post=3473"}],"curies":[{"name":"wp","href":"https:\/\/api.w.org\/{rel}","templated":true}]}}